{"id":25559,"date":"2022-09-02T22:54:15","date_gmt":"2022-09-02T19:54:15","guid":{"rendered":"http:\/\/sddkaknar.com\/?page_id=25559"},"modified":"2025-05-21T09:54:06","modified_gmt":"2025-05-21T06:54:06","slug":"8-sinif","status":"publish","type":"page","link":"https:\/\/sddkaknar.com\/?page_id=25559","title":{"rendered":"8.SINIF"},"content":{"rendered":"\n<p class=\"wp-block-paragraph\"><a href=\"http:\/\/sddkaknar.com\/?page_id=25562\">\u00c7ARPANLAR KATLAR<\/a><\/p>\n\n\n\n<p class=\"wp-block-paragraph\"><a href=\"http:\/\/sddkaknar.com\/?page_id=25564\">EBOB EKOK<\/a><\/p>\n\n\n\n<p class=\"wp-block-paragraph\"><a href=\"http:\/\/sddkaknar.com\/?page_id=25570\">\u00dcSL\u00dc SAYILAR <\/a><\/p>\n\n\n\n<p class=\"wp-block-paragraph\"><a href=\"http:\/\/sddkaknar.com\/?page_id=25574\">KAREK\u00d6KL\u00dc \u0130FADELER<\/a> <\/p>\n\n\n\n<p class=\"wp-block-paragraph\"><a href=\"https:\/\/sddkaknar.com\/?page_id=25613\">VER\u0130 ANAL\u0130Z\u0130<\/a><\/p>\n\n\n\n<p class=\"wp-block-paragraph\"><a href=\"https:\/\/sddkaknar.com\/?page_id=25638\" title=\"\">OLASILIK<\/a><\/p>\n\n\n\n<p class=\"wp-block-paragraph\"><a href=\"https:\/\/sddkaknar.com\/?page_id=25635\" title=\"\">CEB\u0130RSEL \u0130FADELER VE \u00d6ZDE\u015eL\u0130KLER<\/a><\/p>\n\n\n\n<p class=\"wp-block-paragraph\"><a href=\"https:\/\/sddkaknar.com\/?page_id=25652\" title=\"\">DO\u011eRUSAL DENKLEMLER <\/a><\/p>\n\n\n\n<p class=\"wp-block-paragraph\">E\u015e\u0130TS\u0130ZL\u0130KLER<\/p>\n\n\n\n<p class=\"wp-block-paragraph\">\u00dc\u00c7GENLER <\/p>\n\n\n\n<p class=\"wp-block-paragraph\">E\u015eL\u0130K BENZERL\u0130K <\/p>\n\n\n\n<p class=\"wp-block-paragraph\">D\u00d6N\u00dc\u015e\u00dcM GEOMETR\u0130S\u0130 <\/p>\n\n\n\n<p class=\"wp-block-paragraph\">GEOMETR\u0130K C\u0130S\u0130MLER<\/p>\n\n\n\n<p class=\"wp-block-paragraph\"><a href=\"https:\/\/sddkaknar.com\/?page_id=26229\" title=\"\">AN\u0130MASYON<\/a><\/p>\n","protected":false},"excerpt":{"rendered":"<p>\u00c7ARPANLAR KATLAR EBOB EKOK \u00dcSL\u00dc SAYILAR KAREK\u00d6KL\u00dc \u0130FADELER VER\u0130 ANAL\u0130Z\u0130 OLASILIK CEB\u0130RSEL \u0130FADELER VE \u00d6ZDE\u015eL\u0130KLER DO\u011eRUSAL DENKLEMLER E\u015e\u0130TS\u0130ZL\u0130KLER \u00dc\u00c7GENLER E\u015eL\u0130K BENZERL\u0130K D\u00d6N\u00dc\u015e\u00dcM GEOMETR\u0130S\u0130 GEOMETR\u0130K C\u0130S\u0130MLER AN\u0130MASYON<\/p>\n","protected":false},"author":1,"featured_media":0,"parent":0,"menu_order":0,"comment_status":"closed","ping_status":"closed","template":"","meta":{"_crdt_document":"","om_disable_all_campaigns":false,"_uag_custom_page_level_css":"","_monsterinsights_skip_tracking":false,"_monsterinsights_sitenote_active":false,"_monsterinsights_sitenote_note":"","_monsterinsights_sitenote_category":0,"site-sidebar-layout":"default","site-content-layout":"","ast-site-content-layout":"default","site-content-style":"default","site-sidebar-style":"default","ast-global-header-display":"","ast-banner-title-visibility":"","ast-main-header-display":"","ast-hfb-above-header-display":"","ast-hfb-below-header-display":"","ast-hfb-mobile-header-display":"","site-post-title":"","ast-breadcrumbs-content":"","ast-featured-img":"","footer-sml-layout":"","ast-disable-related-posts":"","theme-transparent-header-meta":"","adv-header-id-meta":"","stick-header-meta":"","header-above-stick-meta":"","header-main-stick-meta":"","header-below-stick-meta":"","astra-migrate-meta-layouts":"set","ast-page-background-enabled":"default","ast-page-background-meta":{"desktop":{"background-color":"","background-image":"","background-repeat":"repeat","background-position":"center center","background-size":"auto","background-attachment":"scroll","background-type":"","background-media":"","overlay-type":"","overlay-color":"","overlay-opacity":"","overlay-gradient":""},"tablet":{"background-color":"","background-image":"","background-repeat":"repeat","background-position":"center center","background-size":"auto","background-attachment":"scroll","background-type":"","background-media":"","overlay-type":"","overlay-color":"","overlay-opacity":"","overlay-gradient":""},"mobile":{"background-color":"","background-image":"","background-repeat":"repeat","background-position":"center center","background-size":"auto","background-attachment":"scroll","background-type":"","background-media":"","overlay-type":"","overlay-color":"","overlay-opacity":"","overlay-gradient":""}},"ast-content-background-meta":{"desktop":{"background-color":"var(--ast-global-color-5)","background-image":"","background-repeat":"repeat","background-position":"center center","background-size":"auto","background-attachment":"scroll","background-type":"","background-media":"","overlay-type":"","overlay-color":"","overlay-opacity":"","overlay-gradient":""},"tablet":{"background-color":"var(--ast-global-color-5)","background-image":"","background-repeat":"repeat","background-position":"center center","background-size":"auto","background-attachment":"scroll","background-type":"","background-media":"","overlay-type":"","overlay-color":"","overlay-opacity":"","overlay-gradient":""},"mobile":{"background-color":"var(--ast-global-color-5)","background-image":"","background-repeat":"repeat","background-position":"center center","background-size":"auto","background-attachment":"scroll","background-type":"","background-media":"","overlay-type":"","overlay-color":"","overlay-opacity":"","overlay-gradient":""}},"footnotes":""},"class_list":["post-25559","page","type-page","status-publish","hentry"],"aioseo_notices":[],"uagb_featured_image_src":{"full":false,"thumbnail":false,"medium":false,"medium_large":false,"large":false,"1536x1536":false,"2048x2048":false,"masteriyo_single":false,"masteriyo_thumbnail":false,"masteriyo_medium":false,"woocommerce_thumbnail":false,"woocommerce_single":false,"woocommerce_gallery_thumbnail":false},"uagb_author_info":{"display_name":"sddk.aknar","author_link":"https:\/\/sddkaknar.com\/?author=1"},"uagb_comment_info":0,"uagb_excerpt":"\u00c7ARPANLAR KATLAR EBOB EKOK \u00dcSL\u00dc SAYILAR KAREK\u00d6KL\u00dc \u0130FADELER VER\u0130 ANAL\u0130Z\u0130 OLASILIK CEB\u0130RSEL \u0130FADELER VE \u00d6ZDE\u015eL\u0130KLER DO\u011eRUSAL DENKLEMLER E\u015e\u0130TS\u0130ZL\u0130KLER \u00dc\u00c7GENLER E\u015eL\u0130K BENZERL\u0130K D\u00d6N\u00dc\u015e\u00dcM GEOMETR\u0130S\u0130 GEOMETR\u0130K C\u0130S\u0130MLER AN\u0130MASYON","_links":{"self":[{"href":"https:\/\/sddkaknar.com\/index.php?rest_route=\/wp\/v2\/pages\/25559","targetHints":{"allow":["GET"]}}],"collection":[{"href":"https:\/\/sddkaknar.com\/index.php?rest_route=\/wp\/v2\/pages"}],"about":[{"href":"https:\/\/sddkaknar.com\/index.php?rest_route=\/wp\/v2\/types\/page"}],"author":[{"embeddable":true,"href":"https:\/\/sddkaknar.com\/index.php?rest_route=\/wp\/v2\/users\/1"}],"replies":[{"embeddable":true,"href":"https:\/\/sddkaknar.com\/index.php?rest_route=%2Fwp%2Fv2%2Fcomments&post=25559"}],"version-history":[{"count":11,"href":"https:\/\/sddkaknar.com\/index.php?rest_route=\/wp\/v2\/pages\/25559\/revisions"}],"predecessor-version":[{"id":26237,"href":"https:\/\/sddkaknar.com\/index.php?rest_route=\/wp\/v2\/pages\/25559\/revisions\/26237"}],"wp:attachment":[{"href":"https:\/\/sddkaknar.com\/index.php?rest_route=%2Fwp%2Fv2%2Fmedia&parent=25559"}],"curies":[{"name":"wp","href":"https:\/\/api.w.org\/{rel}","templated":true}]}}