{"id":25742,"date":"2023-09-26T00:22:07","date_gmt":"2023-09-25T21:22:07","guid":{"rendered":"https:\/\/sddkaknar.com\/?page_id=25742"},"modified":"2024-11-17T23:10:50","modified_gmt":"2024-11-17T20:10:50","slug":"5-sinif","status":"publish","type":"page","link":"https:\/\/sddkaknar.com\/?page_id=25742","title":{"rendered":"5.SINIF"},"content":{"rendered":"\n<p class=\"wp-block-paragraph\"><a href=\"https:\/\/youtu.be\/PvX0rhKZfAk\" title=\"\">Temel Geometrik \u00c7izimler<\/a><\/p>\n\n\n\n<p class=\"wp-block-paragraph\"><a href=\"https:\/\/youtu.be\/xxJlHu6GEG0\" title=\"\">A\u00e7\u0131lar<\/a><\/p>\n\n\n\n<p class=\"wp-block-paragraph\"><a href=\"https:\/\/youtu.be\/FNaCGReiemY\" title=\"\">Do\u011fal say\u0131lar\u0131n okunu\u015fu \u00e7\u00f6z\u00fcmlenmesi ve s\u0131ralanmas\u0131<\/a><\/p>\n\n\n\n<p class=\"wp-block-paragraph\"><a href=\"https:\/\/sddkaknar.com\/?page_id=25769\" title=\"\">Do\u011fal say\u0131larda i\u015flemler ve \u00f6r\u00fcnt\u00fcler<\/a><\/p>\n","protected":false},"excerpt":{"rendered":"<p>Temel Geometrik \u00c7izimler A\u00e7\u0131lar Do\u011fal say\u0131lar\u0131n okunu\u015fu \u00e7\u00f6z\u00fcmlenmesi ve s\u0131ralanmas\u0131 Do\u011fal say\u0131larda i\u015flemler ve \u00f6r\u00fcnt\u00fcler<\/p>\n","protected":false},"author":1,"featured_media":0,"parent":0,"menu_order":0,"comment_status":"closed","ping_status":"closed","template":"","meta":{"_crdt_document":"","om_disable_all_campaigns":false,"_uag_custom_page_level_css":"","_monsterinsights_skip_tracking":false,"_monsterinsights_sitenote_active":false,"_monsterinsights_sitenote_note":"","_monsterinsights_sitenote_category":0,"site-sidebar-layout":"default","site-content-layout":"","ast-site-content-layout":"default","site-content-style":"default","site-sidebar-style":"default","ast-global-header-display":"","ast-banner-title-visibility":"","ast-main-header-display":"","ast-hfb-above-header-display":"","ast-hfb-below-header-display":"","ast-hfb-mobile-header-display":"","site-post-title":"","ast-breadcrumbs-content":"","ast-featured-img":"","footer-sml-layout":"","ast-disable-related-posts":"","theme-transparent-header-meta":"","adv-header-id-meta":"","stick-header-meta":"","header-above-stick-meta":"","header-main-stick-meta":"","header-below-stick-meta":"","astra-migrate-meta-layouts":"set","ast-page-background-enabled":"default","ast-page-background-meta":{"desktop":{"background-color":"","background-image":"","background-repeat":"repeat","background-position":"center center","background-size":"auto","background-attachment":"scroll","background-type":"","background-media":"","overlay-type":"","overlay-color":"","overlay-opacity":"","overlay-gradient":""},"tablet":{"background-color":"","background-image":"","background-repeat":"repeat","background-position":"center center","background-size":"auto","background-attachment":"scroll","background-type":"","background-media":"","overlay-type":"","overlay-color":"","overlay-opacity":"","overlay-gradient":""},"mobile":{"background-color":"","background-image":"","background-repeat":"repeat","background-position":"center center","background-size":"auto","background-attachment":"scroll","background-type":"","background-media":"","overlay-type":"","overlay-color":"","overlay-opacity":"","overlay-gradient":""}},"ast-content-background-meta":{"desktop":{"background-color":"var(--ast-global-color-5)","background-image":"","background-repeat":"repeat","background-position":"center center","background-size":"auto","background-attachment":"scroll","background-type":"","background-media":"","overlay-type":"","overlay-color":"","overlay-opacity":"","overlay-gradient":""},"tablet":{"background-color":"var(--ast-global-color-5)","background-image":"","background-repeat":"repeat","background-position":"center center","background-size":"auto","background-attachment":"scroll","background-type":"","background-media":"","overlay-type":"","overlay-color":"","overlay-opacity":"","overlay-gradient":""},"mobile":{"background-color":"var(--ast-global-color-5)","background-image":"","background-repeat":"repeat","background-position":"center center","background-size":"auto","background-attachment":"scroll","background-type":"","background-media":"","overlay-type":"","overlay-color":"","overlay-opacity":"","overlay-gradient":""}},"footnotes":""},"class_list":["post-25742","page","type-page","status-publish","hentry"],"aioseo_notices":[],"uagb_featured_image_src":{"full":false,"thumbnail":false,"medium":false,"medium_large":false,"large":false,"1536x1536":false,"2048x2048":false,"masteriyo_single":false,"masteriyo_thumbnail":false,"masteriyo_medium":false,"woocommerce_thumbnail":false,"woocommerce_single":false,"woocommerce_gallery_thumbnail":false},"uagb_author_info":{"display_name":"sddk.aknar","author_link":"https:\/\/sddkaknar.com\/?author=1"},"uagb_comment_info":0,"uagb_excerpt":"Temel Geometrik \u00c7izimler A\u00e7\u0131lar Do\u011fal say\u0131lar\u0131n okunu\u015fu \u00e7\u00f6z\u00fcmlenmesi ve s\u0131ralanmas\u0131 Do\u011fal say\u0131larda i\u015flemler ve \u00f6r\u00fcnt\u00fcler","_links":{"self":[{"href":"https:\/\/sddkaknar.com\/index.php?rest_route=\/wp\/v2\/pages\/25742","targetHints":{"allow":["GET"]}}],"collection":[{"href":"https:\/\/sddkaknar.com\/index.php?rest_route=\/wp\/v2\/pages"}],"about":[{"href":"https:\/\/sddkaknar.com\/index.php?rest_route=\/wp\/v2\/types\/page"}],"author":[{"embeddable":true,"href":"https:\/\/sddkaknar.com\/index.php?rest_route=\/wp\/v2\/users\/1"}],"replies":[{"embeddable":true,"href":"https:\/\/sddkaknar.com\/index.php?rest_route=%2Fwp%2Fv2%2Fcomments&post=25742"}],"version-history":[{"count":6,"href":"https:\/\/sddkaknar.com\/index.php?rest_route=\/wp\/v2\/pages\/25742\/revisions"}],"predecessor-version":[{"id":26004,"href":"https:\/\/sddkaknar.com\/index.php?rest_route=\/wp\/v2\/pages\/25742\/revisions\/26004"}],"wp:attachment":[{"href":"https:\/\/sddkaknar.com\/index.php?rest_route=%2Fwp%2Fv2%2Fmedia&parent=25742"}],"curies":[{"name":"wp","href":"https:\/\/api.w.org\/{rel}","templated":true}]}}