{"id":25887,"date":"2024-07-07T22:55:10","date_gmt":"2024-07-07T19:55:10","guid":{"rendered":"https:\/\/sddkaknar.com\/?page_id=25887"},"modified":"2024-07-07T23:36:58","modified_gmt":"2024-07-07T20:36:58","slug":"25887-2","status":"publish","type":"page","link":"https:\/\/sddkaknar.com\/?page_id=25887","title":{"rendered":"MEB TEMEL E\u011e\u0130T\u0130M K\u0130TAPLARI"},"content":{"rendered":"\n<p class=\"wp-block-paragraph\">MEB TEMEL E\u011e\u0130T\u0130M K\u0130TAPLARI <\/p>\n\n\n\n<div class=\"wp-block-columns is-layout-flex wp-container-core-columns-is-layout-7387b849 wp-block-columns-is-layout-flex\">\n<div class=\"wp-block-column is-layout-flow wp-block-column-is-layout-flow\">\n<figure class=\"wp-block-image size-full\"><a href=\"https:\/\/cdn.eba.gov.tr\/yardimcikaynaklar\/2022\/01\/odsgm\/ekitap\/beceri\/5bts1.pdf\"><img loading=\"lazy\" decoding=\"async\" width=\"627\" height=\"911\" src=\"https:\/\/sddkaknar.com\/wp-content\/uploads\/2024\/07\/5bts1.jpg\" alt=\"\" class=\"wp-image-25888\" srcset=\"https:\/\/sddkaknar.com\/wp-content\/uploads\/2024\/07\/5bts1.jpg 627w, https:\/\/sddkaknar.com\/wp-content\/uploads\/2024\/07\/5bts1-206x300.jpg 206w, https:\/\/sddkaknar.com\/wp-content\/uploads\/2024\/07\/5bts1-600x872.jpg 600w\" sizes=\"auto, (max-width: 627px) 100vw, 627px\" \/><\/a><\/figure>\n<\/div>\n\n\n\n<div class=\"wp-block-column is-layout-flow wp-block-column-is-layout-flow\">\n<figure class=\"wp-block-image size-full\"><a href=\"https:\/\/cdn.eba.gov.tr\/yardimcikaynaklar\/2022\/01\/odsgm\/ekitap\/calisma\/5calisma.pdf\"><img loading=\"lazy\" decoding=\"async\" width=\"633\" height=\"913\" src=\"https:\/\/sddkaknar.com\/wp-content\/uploads\/2024\/07\/5calisma.jpg\" alt=\"\" class=\"wp-image-25889\" srcset=\"https:\/\/sddkaknar.com\/wp-content\/uploads\/2024\/07\/5calisma.jpg 633w, https:\/\/sddkaknar.com\/wp-content\/uploads\/2024\/07\/5calisma-208x300.jpg 208w, https:\/\/sddkaknar.com\/wp-content\/uploads\/2024\/07\/5calisma-600x865.jpg 600w\" sizes=\"auto, (max-width: 633px) 100vw, 633px\" \/><\/a><\/figure>\n<\/div>\n\n\n\n<div class=\"wp-block-column is-layout-flow wp-block-column-is-layout-flow\">\n<figure class=\"wp-block-image size-full\"><a href=\"https:\/\/cdn.eba.gov.tr\/yardimcikaynaklar\/2022\/01\/odsgm\/ekitap\/kkt\/5kkt.pdf\"><img loading=\"lazy\" decoding=\"async\" width=\"631\" height=\"900\" src=\"https:\/\/sddkaknar.com\/wp-content\/uploads\/2024\/07\/5kkt.jpg\" alt=\"\" class=\"wp-image-25890\" srcset=\"https:\/\/sddkaknar.com\/wp-content\/uploads\/2024\/07\/5kkt.jpg 631w, https:\/\/sddkaknar.com\/wp-content\/uploads\/2024\/07\/5kkt-210x300.jpg 210w, https:\/\/sddkaknar.com\/wp-content\/uploads\/2024\/07\/5kkt-600x856.jpg 600w\" sizes=\"auto, (max-width: 631px) 100vw, 631px\" \/><\/a><\/figure>\n<\/div>\n<\/div>\n\n\n\n<div class=\"wp-block-columns is-layout-flex wp-container-core-columns-is-layout-7387b849 wp-block-columns-is-layout-flex\">\n<div class=\"wp-block-column is-layout-flow wp-block-column-is-layout-flow\">\n<figure class=\"wp-block-image size-full\"><a href=\"https:\/\/cdn.eba.gov.tr\/yardimcikaynaklar\/2022\/01\/odsgm\/ekitap\/beceri\/5bts2.pdf\"><img loading=\"lazy\" decoding=\"async\" width=\"619\" height=\"910\" src=\"https:\/\/sddkaknar.com\/wp-content\/uploads\/2024\/07\/5bts2.jpg\" alt=\"\" class=\"wp-image-25896\" srcset=\"https:\/\/sddkaknar.com\/wp-content\/uploads\/2024\/07\/5bts2.jpg 619w, https:\/\/sddkaknar.com\/wp-content\/uploads\/2024\/07\/5bts2-204x300.jpg 204w, https:\/\/sddkaknar.com\/wp-content\/uploads\/2024\/07\/5bts2-600x882.jpg 600w\" sizes=\"auto, (max-width: 619px) 100vw, 619px\" \/><\/a><\/figure>\n<\/div>\n\n\n\n<div class=\"wp-block-column is-layout-flow wp-block-column-is-layout-flow\">\n<figure class=\"wp-block-image size-full\"><a href=\"https:\/\/cdn.eba.gov.tr\/yardimcikaynaklar\/2022\/01\/odsgm\/ekitap\/beceri\/6bts1.pdf\"><img loading=\"lazy\" decoding=\"async\" width=\"634\" height=\"908\" src=\"https:\/\/sddkaknar.com\/wp-content\/uploads\/2024\/07\/6bts1.jpg\" alt=\"\" class=\"wp-image-25897\" srcset=\"https:\/\/sddkaknar.com\/wp-content\/uploads\/2024\/07\/6bts1.jpg 634w, https:\/\/sddkaknar.com\/wp-content\/uploads\/2024\/07\/6bts1-209x300.jpg 209w, https:\/\/sddkaknar.com\/wp-content\/uploads\/2024\/07\/6bts1-600x859.jpg 600w\" sizes=\"auto, (max-width: 634px) 100vw, 634px\" \/><\/a><\/figure>\n<\/div>\n\n\n\n<div class=\"wp-block-column is-layout-flow wp-block-column-is-layout-flow\">\n<figure class=\"wp-block-image size-full\"><a href=\"https:\/\/cdn.eba.gov.tr\/yardimcikaynaklar\/2022\/01\/odsgm\/ekitap\/beceri\/6bts2.pdf\"><img loading=\"lazy\" decoding=\"async\" width=\"631\" height=\"909\" src=\"https:\/\/sddkaknar.com\/wp-content\/uploads\/2024\/07\/6bts2.jpg\" alt=\"\" class=\"wp-image-25898\" srcset=\"https:\/\/sddkaknar.com\/wp-content\/uploads\/2024\/07\/6bts2.jpg 631w, https:\/\/sddkaknar.com\/wp-content\/uploads\/2024\/07\/6bts2-208x300.jpg 208w, https:\/\/sddkaknar.com\/wp-content\/uploads\/2024\/07\/6bts2-600x864.jpg 600w\" sizes=\"auto, (max-width: 631px) 100vw, 631px\" \/><\/a><\/figure>\n<\/div>\n<\/div>\n\n\n\n<div class=\"wp-block-columns is-layout-flex wp-container-core-columns-is-layout-7387b849 wp-block-columns-is-layout-flex\">\n<div class=\"wp-block-column is-layout-flow wp-block-column-is-layout-flow\">\n<figure class=\"wp-block-image size-full\"><a href=\"https:\/\/cdn.eba.gov.tr\/yardimcikaynaklar\/2022\/01\/odsgm\/ekitap\/calisma\/6calisma.pdf\"><img loading=\"lazy\" decoding=\"async\" width=\"625\" height=\"909\" src=\"https:\/\/sddkaknar.com\/wp-content\/uploads\/2024\/07\/6calisma.jpg\" alt=\"\" class=\"wp-image-25899\" srcset=\"https:\/\/sddkaknar.com\/wp-content\/uploads\/2024\/07\/6calisma.jpg 625w, https:\/\/sddkaknar.com\/wp-content\/uploads\/2024\/07\/6calisma-206x300.jpg 206w, https:\/\/sddkaknar.com\/wp-content\/uploads\/2024\/07\/6calisma-600x873.jpg 600w\" sizes=\"auto, (max-width: 625px) 100vw, 625px\" \/><\/a><\/figure>\n<\/div>\n\n\n\n<div class=\"wp-block-column is-layout-flow wp-block-column-is-layout-flow\">\n<figure class=\"wp-block-image size-full\"><a href=\"https:\/\/cdn.eba.gov.tr\/yardimcikaynaklar\/2022\/01\/odsgm\/ekitap\/kkt\/6kkt.pdf\"><img loading=\"lazy\" decoding=\"async\" width=\"635\" height=\"884\" src=\"https:\/\/sddkaknar.com\/wp-content\/uploads\/2024\/07\/6kkt.jpg\" alt=\"\" class=\"wp-image-25900\" srcset=\"https:\/\/sddkaknar.com\/wp-content\/uploads\/2024\/07\/6kkt.jpg 635w, https:\/\/sddkaknar.com\/wp-content\/uploads\/2024\/07\/6kkt-215x300.jpg 215w, https:\/\/sddkaknar.com\/wp-content\/uploads\/2024\/07\/6kkt-600x835.jpg 600w\" sizes=\"auto, (max-width: 635px) 100vw, 635px\" \/><\/a><\/figure>\n<\/div>\n\n\n\n<div class=\"wp-block-column is-layout-flow wp-block-column-is-layout-flow\">\n<figure class=\"wp-block-image size-full\"><a href=\"https:\/\/cdn.eba.gov.tr\/yardimcikaynaklar\/2022\/01\/odsgm\/ekitap\/calisma\/7calisma.pdf\"><img loading=\"lazy\" decoding=\"async\" width=\"640\" height=\"914\" src=\"https:\/\/sddkaknar.com\/wp-content\/uploads\/2024\/07\/7calisma.jpg\" alt=\"\" class=\"wp-image-25901\" srcset=\"https:\/\/sddkaknar.com\/wp-content\/uploads\/2024\/07\/7calisma.jpg 640w, https:\/\/sddkaknar.com\/wp-content\/uploads\/2024\/07\/7calisma-210x300.jpg 210w, https:\/\/sddkaknar.com\/wp-content\/uploads\/2024\/07\/7calisma-600x857.jpg 600w\" sizes=\"auto, (max-width: 640px) 100vw, 640px\" \/><\/a><\/figure>\n<\/div>\n<\/div>\n\n\n\n<div class=\"wp-block-columns is-layout-flex wp-container-core-columns-is-layout-7387b849 wp-block-columns-is-layout-flex\">\n<div class=\"wp-block-column is-layout-flow wp-block-column-is-layout-flow\">\n<figure class=\"wp-block-image size-full\"><a href=\"https:\/\/cdn.eba.gov.tr\/yardimcikaynaklar\/2022\/01\/odsgm\/ekitap\/kkt\/7kkt.pdf\"><img loading=\"lazy\" decoding=\"async\" width=\"633\" height=\"884\" src=\"https:\/\/sddkaknar.com\/wp-content\/uploads\/2024\/07\/7kkt.jpg\" alt=\"\" class=\"wp-image-25902\" srcset=\"https:\/\/sddkaknar.com\/wp-content\/uploads\/2024\/07\/7kkt.jpg 633w, https:\/\/sddkaknar.com\/wp-content\/uploads\/2024\/07\/7kkt-215x300.jpg 215w, https:\/\/sddkaknar.com\/wp-content\/uploads\/2024\/07\/7kkt-600x838.jpg 600w\" sizes=\"auto, (max-width: 633px) 100vw, 633px\" \/><\/a><\/figure>\n<\/div>\n\n\n\n<div class=\"wp-block-column is-layout-flow wp-block-column-is-layout-flow\">\n<figure class=\"wp-block-image size-full\"><a href=\"https:\/\/cdn.eba.gov.tr\/yardimcikaynaklar\/2022\/01\/odsgm\/ekitap\/beceri\/7bts1.pdf\"><img loading=\"lazy\" decoding=\"async\" width=\"628\" height=\"907\" src=\"https:\/\/sddkaknar.com\/wp-content\/uploads\/2024\/07\/7bts1-1.jpg\" alt=\"\" class=\"wp-image-25903\" srcset=\"https:\/\/sddkaknar.com\/wp-content\/uploads\/2024\/07\/7bts1-1.jpg 628w, https:\/\/sddkaknar.com\/wp-content\/uploads\/2024\/07\/7bts1-1-208x300.jpg 208w, https:\/\/sddkaknar.com\/wp-content\/uploads\/2024\/07\/7bts1-1-600x867.jpg 600w\" sizes=\"auto, (max-width: 628px) 100vw, 628px\" \/><\/a><\/figure>\n<\/div>\n\n\n\n<div class=\"wp-block-column is-layout-flow wp-block-column-is-layout-flow\">\n<figure class=\"wp-block-image size-full\"><a href=\"https:\/\/cdn.eba.gov.tr\/yardimcikaynaklar\/2022\/01\/odsgm\/ekitap\/beceri\/7bts2.pdf\"><img loading=\"lazy\" decoding=\"async\" width=\"628\" height=\"908\" src=\"https:\/\/sddkaknar.com\/wp-content\/uploads\/2024\/07\/7bts2.jpg\" alt=\"\" class=\"wp-image-25904\" srcset=\"https:\/\/sddkaknar.com\/wp-content\/uploads\/2024\/07\/7bts2.jpg 628w, https:\/\/sddkaknar.com\/wp-content\/uploads\/2024\/07\/7bts2-207x300.jpg 207w, https:\/\/sddkaknar.com\/wp-content\/uploads\/2024\/07\/7bts2-600x868.jpg 600w\" sizes=\"auto, (max-width: 628px) 100vw, 628px\" \/><\/a><\/figure>\n<\/div>\n<\/div>\n\n\n\n<div class=\"wp-block-columns is-layout-flex wp-container-core-columns-is-layout-7387b849 wp-block-columns-is-layout-flex\">\n<div class=\"wp-block-column is-layout-flow wp-block-column-is-layout-flow\">\n<figure class=\"wp-block-image size-full\"><a href=\"https:\/\/cdn.eba.gov.tr\/yardimcikaynaklar\/2022\/01\/odsgm\/ekitap\/lgs\/lgs_mat_1.pdf\"><img loading=\"lazy\" decoding=\"async\" width=\"629\" height=\"912\" src=\"https:\/\/sddkaknar.com\/wp-content\/uploads\/2024\/07\/lgsmat-1.jpg\" alt=\"\" class=\"wp-image-25908\" srcset=\"https:\/\/sddkaknar.com\/wp-content\/uploads\/2024\/07\/lgsmat-1.jpg 629w, https:\/\/sddkaknar.com\/wp-content\/uploads\/2024\/07\/lgsmat-1-207x300.jpg 207w, https:\/\/sddkaknar.com\/wp-content\/uploads\/2024\/07\/lgsmat-1-600x870.jpg 600w\" sizes=\"auto, (max-width: 629px) 100vw, 629px\" \/><\/a><\/figure>\n<\/div>\n\n\n\n<div class=\"wp-block-column is-layout-flow wp-block-column-is-layout-flow\">\n<figure class=\"wp-block-image size-full\"><a href=\"https:\/\/cdn.eba.gov.tr\/yardimcikaynaklar\/2022\/01\/odsgm\/ekitap\/lgs\/8matcalisma.pdf\"><img loading=\"lazy\" decoding=\"async\" width=\"638\" height=\"910\" src=\"https:\/\/sddkaknar.com\/wp-content\/uploads\/2024\/07\/8matcalisma.jpg\" alt=\"\" class=\"wp-image-25909\" srcset=\"https:\/\/sddkaknar.com\/wp-content\/uploads\/2024\/07\/8matcalisma.jpg 638w, https:\/\/sddkaknar.com\/wp-content\/uploads\/2024\/07\/8matcalisma-210x300.jpg 210w, https:\/\/sddkaknar.com\/wp-content\/uploads\/2024\/07\/8matcalisma-600x856.jpg 600w\" sizes=\"auto, (max-width: 638px) 100vw, 638px\" \/><\/a><\/figure>\n<\/div>\n\n\n\n<div class=\"wp-block-column is-layout-flow wp-block-column-is-layout-flow\">\n<figure class=\"wp-block-image size-full\"><a href=\"https:\/\/cdn.eba.gov.tr\/yardimcikaynaklar\/2022\/01\/odsgm\/ekitap\/lgs_2023_ornek_1.pdf\"><img loading=\"lazy\" decoding=\"async\" width=\"650\" height=\"911\" src=\"https:\/\/sddkaknar.com\/wp-content\/uploads\/2024\/07\/lgs_ornek_2023.jpg\" alt=\"\" class=\"wp-image-25910\" srcset=\"https:\/\/sddkaknar.com\/wp-content\/uploads\/2024\/07\/lgs_ornek_2023.jpg 650w, https:\/\/sddkaknar.com\/wp-content\/uploads\/2024\/07\/lgs_ornek_2023-214x300.jpg 214w, https:\/\/sddkaknar.com\/wp-content\/uploads\/2024\/07\/lgs_ornek_2023-600x841.jpg 600w\" sizes=\"auto, (max-width: 650px) 100vw, 650px\" \/><\/a><\/figure>\n<\/div>\n<\/div>\n\n\n\n<div class=\"wp-block-columns is-layout-flex wp-container-core-columns-is-layout-7387b849 wp-block-columns-is-layout-flex\">\n<div class=\"wp-block-column is-layout-flow wp-block-column-is-layout-flow\">\n<figure class=\"wp-block-image size-full\"><a href=\"https:\/\/cdn.eba.gov.tr\/icerik\/2020\/11\/odsgm\/8ck1.pdf\"><img loading=\"lazy\" decoding=\"async\" width=\"650\" height=\"912\" src=\"https:\/\/sddkaknar.com\/wp-content\/uploads\/2024\/07\/8ck1.png\" alt=\"\" class=\"wp-image-25911\" srcset=\"https:\/\/sddkaknar.com\/wp-content\/uploads\/2024\/07\/8ck1.png 650w, https:\/\/sddkaknar.com\/wp-content\/uploads\/2024\/07\/8ck1-214x300.png 214w, https:\/\/sddkaknar.com\/wp-content\/uploads\/2024\/07\/8ck1-600x842.png 600w\" sizes=\"auto, (max-width: 650px) 100vw, 650px\" \/><\/a><\/figure>\n<\/div>\n\n\n\n<div class=\"wp-block-column is-layout-flow wp-block-column-is-layout-flow\">\n<figure class=\"wp-block-image size-full\"><a href=\"https:\/\/cdn.eba.gov.tr\/icerik\/2020\/11\/odsgm\/8ck2.pdf\"><img loading=\"lazy\" decoding=\"async\" width=\"643\" height=\"911\" src=\"https:\/\/sddkaknar.com\/wp-content\/uploads\/2024\/07\/8ck2.png\" alt=\"\" class=\"wp-image-25912\" srcset=\"https:\/\/sddkaknar.com\/wp-content\/uploads\/2024\/07\/8ck2.png 643w, https:\/\/sddkaknar.com\/wp-content\/uploads\/2024\/07\/8ck2-212x300.png 212w, https:\/\/sddkaknar.com\/wp-content\/uploads\/2024\/07\/8ck2-600x850.png 600w\" sizes=\"auto, (max-width: 643px) 100vw, 643px\" \/><\/a><\/figure>\n<\/div>\n\n\n\n<div class=\"wp-block-column is-layout-flow wp-block-column-is-layout-flow\">\n<figure class=\"wp-block-image size-full\"><a href=\"https:\/\/cdn.eba.gov.tr\/icerik\/2020\/11\/odsgm\/8ck3.pdf\"><img loading=\"lazy\" decoding=\"async\" width=\"643\" height=\"915\" src=\"https:\/\/sddkaknar.com\/wp-content\/uploads\/2024\/07\/8ck3.png\" alt=\"\" class=\"wp-image-25913\" srcset=\"https:\/\/sddkaknar.com\/wp-content\/uploads\/2024\/07\/8ck3.png 643w, https:\/\/sddkaknar.com\/wp-content\/uploads\/2024\/07\/8ck3-211x300.png 211w, https:\/\/sddkaknar.com\/wp-content\/uploads\/2024\/07\/8ck3-600x854.png 600w\" sizes=\"auto, (max-width: 643px) 100vw, 643px\" \/><\/a><\/figure>\n<\/div>\n<\/div>\n\n\n\n<div class=\"wp-block-columns is-layout-flex wp-container-core-columns-is-layout-7387b849 wp-block-columns-is-layout-flex\">\n<div class=\"wp-block-column is-layout-flow wp-block-column-is-layout-flow\">\n<figure class=\"wp-block-image size-full\"><a href=\"https:\/\/cdn.eba.gov.tr\/icerik\/2020\/11\/odsgm\/8ck4.pdf\"><img loading=\"lazy\" decoding=\"async\" width=\"642\" height=\"910\" src=\"https:\/\/sddkaknar.com\/wp-content\/uploads\/2024\/07\/8ck4.png\" alt=\"\" class=\"wp-image-25914\" srcset=\"https:\/\/sddkaknar.com\/wp-content\/uploads\/2024\/07\/8ck4.png 642w, https:\/\/sddkaknar.com\/wp-content\/uploads\/2024\/07\/8ck4-212x300.png 212w, https:\/\/sddkaknar.com\/wp-content\/uploads\/2024\/07\/8ck4-600x850.png 600w\" sizes=\"auto, (max-width: 642px) 100vw, 642px\" \/><\/a><\/figure>\n<\/div>\n\n\n\n<div class=\"wp-block-column is-layout-flow wp-block-column-is-layout-flow\">\n<figure class=\"wp-block-image size-full\"><a href=\"https:\/\/cdn.eba.gov.tr\/icerik\/2020\/11\/odsgm\/8ck5.pdf\"><img loading=\"lazy\" decoding=\"async\" width=\"641\" height=\"911\" src=\"https:\/\/sddkaknar.com\/wp-content\/uploads\/2024\/07\/8ck5.png\" alt=\"\" class=\"wp-image-25915\" srcset=\"https:\/\/sddkaknar.com\/wp-content\/uploads\/2024\/07\/8ck5.png 641w, https:\/\/sddkaknar.com\/wp-content\/uploads\/2024\/07\/8ck5-211x300.png 211w, https:\/\/sddkaknar.com\/wp-content\/uploads\/2024\/07\/8ck5-600x853.png 600w\" sizes=\"auto, (max-width: 641px) 100vw, 641px\" \/><\/a><\/figure>\n<\/div>\n\n\n\n<div class=\"wp-block-column is-layout-flow wp-block-column-is-layout-flow\">\n<figure class=\"wp-block-image size-full\"><a href=\"https:\/\/cdn.eba.gov.tr\/icerik\/2020\/11\/odsgm\/8ck6.pdf\"><img loading=\"lazy\" decoding=\"async\" width=\"641\" height=\"907\" src=\"https:\/\/sddkaknar.com\/wp-content\/uploads\/2024\/07\/8ck6.png\" alt=\"\" class=\"wp-image-25916\" srcset=\"https:\/\/sddkaknar.com\/wp-content\/uploads\/2024\/07\/8ck6.png 641w, https:\/\/sddkaknar.com\/wp-content\/uploads\/2024\/07\/8ck6-212x300.png 212w, https:\/\/sddkaknar.com\/wp-content\/uploads\/2024\/07\/8ck6-600x849.png 600w\" sizes=\"auto, (max-width: 641px) 100vw, 641px\" \/><\/a><\/figure>\n<\/div>\n<\/div>\n","protected":false},"excerpt":{"rendered":"<p>MEB TEMEL E\u011e\u0130T\u0130M K\u0130TAPLARI<\/p>\n","protected":false},"author":1,"featured_media":0,"parent":0,"menu_order":0,"comment_status":"closed","ping_status":"closed","template":"","meta":{"_crdt_document":"","om_disable_all_campaigns":false,"_uag_custom_page_level_css":"","_monsterinsights_skip_tracking":false,"_monsterinsights_sitenote_active":false,"_monsterinsights_sitenote_note":"","_monsterinsights_sitenote_category":0,"site-sidebar-layout":"default","site-content-layout":"","ast-site-content-layout":"default","site-content-style":"default","site-sidebar-style":"default","ast-global-header-display":"","ast-banner-title-visibility":"","ast-main-header-display":"","ast-hfb-above-header-display":"","ast-hfb-below-header-display":"","ast-hfb-mobile-header-display":"","site-post-title":"","ast-breadcrumbs-content":"","ast-featured-img":"","footer-sml-layout":"","ast-disable-related-posts":"","theme-transparent-header-meta":"","adv-header-id-meta":"","stick-header-meta":"","header-above-stick-meta":"","header-main-stick-meta":"","header-below-stick-meta":"","astra-migrate-meta-layouts":"set","ast-page-background-enabled":"default","ast-page-background-meta":{"desktop":{"background-color":"","background-image":"","background-repeat":"repeat","background-position":"center center","background-size":"auto","background-attachment":"scroll","background-type":"","background-media":"","overlay-type":"","overlay-color":"","overlay-opacity":"","overlay-gradient":""},"tablet":{"background-color":"","background-image":"","background-repeat":"repeat","background-position":"center center","background-size":"auto","background-attachment":"scroll","background-type":"","background-media":"","overlay-type":"","overlay-color":"","overlay-opacity":"","overlay-gradient":""},"mobile":{"background-color":"","background-image":"","background-repeat":"repeat","background-position":"center center","background-size":"auto","background-attachment":"scroll","background-type":"","background-media":"","overlay-type":"","overlay-color":"","overlay-opacity":"","overlay-gradient":""}},"ast-content-background-meta":{"desktop":{"background-color":"var(--ast-global-color-5)","background-image":"","background-repeat":"repeat","background-position":"center center","background-size":"auto","background-attachment":"scroll","background-type":"","background-media":"","overlay-type":"","overlay-color":"","overlay-opacity":"","overlay-gradient":""},"tablet":{"background-color":"var(--ast-global-color-5)","background-image":"","background-repeat":"repeat","background-position":"center center","background-size":"auto","background-attachment":"scroll","background-type":"","background-media":"","overlay-type":"","overlay-color":"","overlay-opacity":"","overlay-gradient":""},"mobile":{"background-color":"var(--ast-global-color-5)","background-image":"","background-repeat":"repeat","background-position":"center center","background-size":"auto","background-attachment":"scroll","background-type":"","background-media":"","overlay-type":"","overlay-color":"","overlay-opacity":"","overlay-gradient":""}},"footnotes":""},"class_list":["post-25887","page","type-page","status-publish","hentry"],"aioseo_notices":[],"uagb_featured_image_src":{"full":false,"thumbnail":false,"medium":false,"medium_large":false,"large":false,"1536x1536":false,"2048x2048":false,"masteriyo_single":false,"masteriyo_thumbnail":false,"masteriyo_medium":false,"woocommerce_thumbnail":false,"woocommerce_single":false,"woocommerce_gallery_thumbnail":false},"uagb_author_info":{"display_name":"sddk.aknar","author_link":"https:\/\/sddkaknar.com\/?author=1"},"uagb_comment_info":0,"uagb_excerpt":"MEB TEMEL E\u011e\u0130T\u0130M K\u0130TAPLARI","_links":{"self":[{"href":"https:\/\/sddkaknar.com\/index.php?rest_route=\/wp\/v2\/pages\/25887","targetHints":{"allow":["GET"]}}],"collection":[{"href":"https:\/\/sddkaknar.com\/index.php?rest_route=\/wp\/v2\/pages"}],"about":[{"href":"https:\/\/sddkaknar.com\/index.php?rest_route=\/wp\/v2\/types\/page"}],"author":[{"embeddable":true,"href":"https:\/\/sddkaknar.com\/index.php?rest_route=\/wp\/v2\/users\/1"}],"replies":[{"embeddable":true,"href":"https:\/\/sddkaknar.com\/index.php?rest_route=%2Fwp%2Fv2%2Fcomments&post=25887"}],"version-history":[{"count":4,"href":"https:\/\/sddkaknar.com\/index.php?rest_route=\/wp\/v2\/pages\/25887\/revisions"}],"predecessor-version":[{"id":25917,"href":"https:\/\/sddkaknar.com\/index.php?rest_route=\/wp\/v2\/pages\/25887\/revisions\/25917"}],"wp:attachment":[{"href":"https:\/\/sddkaknar.com\/index.php?rest_route=%2Fwp%2Fv2%2Fmedia&parent=25887"}],"curies":[{"name":"wp","href":"https:\/\/api.w.org\/{rel}","templated":true}]}}