{"id":25918,"date":"2024-07-08T09:38:26","date_gmt":"2024-07-08T06:38:26","guid":{"rendered":"https:\/\/sddkaknar.com\/?page_id=25918"},"modified":"2025-06-15T15:55:27","modified_gmt":"2025-06-15T12:55:27","slug":"cikmis-lgs-sorulari","status":"publish","type":"page","link":"https:\/\/sddkaknar.com\/?page_id=25918","title":{"rendered":"\u00c7IKMI\u015e LGS SORULARI"},"content":{"rendered":"\n<p class=\"wp-block-paragraph\"><strong>2025 LGS \u00c7\u0131km\u0131\u015f Sorular ve Cevaplar<\/strong><\/p>\n\n\n\n<div class=\"wp-block-columns is-layout-flex wp-container-core-columns-is-layout-7387b849 wp-block-columns-is-layout-flex\">\n<div class=\"wp-block-column is-layout-flow wp-block-column-is-layout-flow\">\n<p class=\"wp-block-paragraph\">2025 LGS S\u00d6ZEL B\u00d6L\u00dcM \u0130\u00c7\u0130N <a href=\"https:\/\/cdn.eba.gov.tr\/yardimcikaynaklar\/2025\/06\/lgs\/2025sozel.pdf\" title=\"\">TIKLAYINIZ<\/a><\/p>\n<\/div>\n\n\n\n<div class=\"wp-block-column is-layout-flow wp-block-column-is-layout-flow\">\n<p class=\"wp-block-paragraph\">2025 LGS SAYISAL B\u00d6L\u00dcM \u0130\u00c7\u0130N <a href=\"https:\/\/cdn.eba.gov.tr\/yardimcikaynaklar\/2025\/06\/lgss\/2025sayisal.pdf\" title=\"\">TIKLAYINIZ<\/a><\/p>\n<\/div>\n<\/div>\n\n\n\n<p class=\"wp-block-paragraph\"><strong>2024 LGS \u00c7\u0131km\u0131\u015f Sorular ve Cevaplar<\/strong><\/p>\n\n\n\n<div class=\"wp-block-columns is-layout-flex wp-container-core-columns-is-layout-7387b849 wp-block-columns-is-layout-flex\">\n<div class=\"wp-block-column is-layout-flow wp-block-column-is-layout-flow\">\n<p class=\"wp-block-paragraph\">2024 LGS S\u00d6ZEL B\u00d6L\u00dcM \u0130\u00c7\u0130N <a href=\"https:\/\/cdn.eba.gov.tr\/yardimcikaynaklar\/2024\/06\/lgs\/2024sozel.pdf\" title=\"\">TIKLAYINIZ<\/a><\/p>\n<\/div>\n\n\n\n<div class=\"wp-block-column is-layout-flow wp-block-column-is-layout-flow\">\n<p class=\"wp-block-paragraph\">2024 LGS SAYISAL B\u00d6L\u00dcM \u0130\u00c7\u0130N <a href=\"https:\/\/cdn.eba.gov.tr\/yardimcikaynaklar\/2024\/06\/lgs\/2024sayisal.pdf\" title=\"\">TIKLAYINIZ<\/a><\/p>\n<\/div>\n<\/div>\n\n\n\n<p class=\"wp-block-paragraph\"><strong>2023 LGS \u00c7\u0131km\u0131\u015f Sorular ve Cevaplar<\/strong><\/p>\n\n\n\n<div class=\"wp-block-columns is-layout-flex wp-container-core-columns-is-layout-7387b849 wp-block-columns-is-layout-flex\">\n<div class=\"wp-block-column is-layout-flow wp-block-column-is-layout-flow\">\n<p class=\"wp-block-paragraph\">2023 LGS S\u00d6ZEL B\u00d6L\u00dcM \u0130\u00c7\u0130N <a href=\"https:\/\/msyo.meb.k12.tr\/meb_iys_dosyalar\/61\/02\/727852\/dosyalar\/2023_06\/05095005_2023-LGS-SOZEL-KITAPCIGI.pdf\" title=\"\">TIKLAYINIZ<\/a><\/p>\n<\/div>\n\n\n\n<div class=\"wp-block-column is-layout-flow wp-block-column-is-layout-flow\">\n<p class=\"wp-block-paragraph\">2023 LGS SAYISAL B\u00d6L\u00dcM \u0130\u00c7\u0130N <a href=\"https:\/\/msyo.meb.k12.tr\/meb_iys_dosyalar\/61\/02\/727852\/dosyalar\/2023_06\/05095020_2023-LGS-SAYISAL-KITAPCIGI.pdf\" title=\"\">TIKLAYINIZ<\/a><\/p>\n<\/div>\n<\/div>\n\n\n\n<p class=\"wp-block-paragraph\"><strong>2022 LGS \u00c7\u0131km\u0131\u015f Sorular ve Cevaplar <\/strong><\/p>\n\n\n\n<div class=\"wp-block-columns is-layout-flex wp-container-core-columns-is-layout-7387b849 wp-block-columns-is-layout-flex\">\n<div class=\"wp-block-column is-layout-flow wp-block-column-is-layout-flow\">\n<p class=\"wp-block-paragraph\">2022 LGS S\u00d6ZEL B\u00d6L\u00dcM \u0130\u00c7\u0130N <a href=\"https:\/\/cdn.eba.gov.tr\/icerik\/lgs\/2022_sozel_bolum_a_kitapcigi_ve_cevap_anahtari.pdf\" title=\"\">TIKLAYINIZ<\/a><\/p>\n<\/div>\n\n\n\n<div class=\"wp-block-column is-layout-flow wp-block-column-is-layout-flow\">\n<p class=\"wp-block-paragraph\">2022 LGS SAYISAL B\u00d6L\u00dcM \u0130\u00c7\u0130N <a href=\"https:\/\/cdn.eba.gov.tr\/icerik\/lgs\/2022_sayisal_bolum_a_kitapcigi_ve_cevap_anahtari.pdf\" title=\"\">TIKLAYINIZ<\/a><\/p>\n<\/div>\n<\/div>\n\n\n\n<p class=\"wp-block-paragraph\"><strong>2021 LGS \u00c7\u0131km\u0131\u015f Sorular ve Cevaplar<\/strong><\/p>\n\n\n\n<div class=\"wp-block-columns is-layout-flex wp-container-core-columns-is-layout-7387b849 wp-block-columns-is-layout-flex\">\n<div class=\"wp-block-column is-layout-flow wp-block-column-is-layout-flow\">\n<p class=\"wp-block-paragraph\">2021 LGS S\u00d6ZEL B\u00d6L\u00dcM \u0130\u00c7\u0130N <a href=\"https:\/\/cdn.eba.gov.tr\/icerik\/lgs\/2021_SOZEL_BOLUM_A_.pdf\" title=\"\">TIKLAYINIZ<\/a><\/p>\n<\/div>\n\n\n\n<div class=\"wp-block-column is-layout-flow wp-block-column-is-layout-flow\">\n<p class=\"wp-block-paragraph\">2021 LGS SAYISAL B\u00d6L\u00dcM \u0130\u00c7\u0130N T<a href=\"https:\/\/cdn.eba.gov.tr\/icerik\/lgs\/2021_SAYISAL_BOLUM_A_.pdf\" title=\"\">IKLAYINIZ<\/a><\/p>\n<\/div>\n<\/div>\n\n\n\n<p class=\"wp-block-paragraph\"><strong>2020 LGS \u00c7\u0131km\u0131\u015f Sorular ve Cevaplar <\/strong><\/p>\n\n\n\n<div class=\"wp-block-columns is-layout-flex wp-container-core-columns-is-layout-7387b849 wp-block-columns-is-layout-flex\">\n<div class=\"wp-block-column is-layout-flow wp-block-column-is-layout-flow\">\n<p class=\"wp-block-paragraph\">2020 LGS S\u00d6ZEL B\u00d6L\u00dcM \u0130\u00c7\u0130N <a href=\"https:\/\/www.meb.gov.tr\/meb_iys_dosyalar\/2020_06\/21195531_2020_sozel_bolum_a.pdf\" title=\"\">TIKLAYINIZ<\/a><\/p>\n<\/div>\n\n\n\n<div class=\"wp-block-column is-layout-flow wp-block-column-is-layout-flow\">\n<p class=\"wp-block-paragraph\">2020 LGS SAYISAL B\u00d6L\u00dcM \u0130\u00c7\u0130N <a href=\"https:\/\/www.meb.gov.tr\/meb_iys_dosyalar\/2020_06\/21195513_2020_sayisal_bolum_a.pdf\" title=\"\">TIKLAYINIZ<\/a><\/p>\n<\/div>\n<\/div>\n\n\n\n<p class=\"wp-block-paragraph\"><strong>2019 LGS \u00c7\u0131km\u0131\u015f Sorular ve Cevaplar<\/strong><\/p>\n\n\n\n<div class=\"wp-block-columns is-layout-flex wp-container-core-columns-is-layout-7387b849 wp-block-columns-is-layout-flex\">\n<div class=\"wp-block-column is-layout-flow wp-block-column-is-layout-flow\">\n<p class=\"wp-block-paragraph\">2019 LGS S\u00d6ZEL B\u00d6L\u00dcM \u0130\u00c7\u0130N <a href=\"https:\/\/www.meb.gov.tr\/meb_iys_dosyalar\/2019_06\/02125953_2019_SOZEL_BOLUM.pdf\" title=\"\">TIKLAYINIZ<\/a><\/p>\n<\/div>\n\n\n\n<div class=\"wp-block-column is-layout-flow wp-block-column-is-layout-flow\">\n<p class=\"wp-block-paragraph\">2019 LGS SAYISAL B\u00d6L\u00dcM \u0130\u00c7\u0130N <a href=\"https:\/\/www.meb.gov.tr\/meb_iys_dosyalar\/2019_06\/02130019_2019_SAYISAL_BOLUM.pdf\" title=\"\">TIKLAYINIZ<\/a><\/p>\n<\/div>\n<\/div>\n\n\n\n<p class=\"wp-block-paragraph\"><strong>2018 LGS \u00c7\u0131km\u0131\u015f Sorular ve Cevaplar<\/strong><\/p>\n\n\n\n<div class=\"wp-block-columns is-layout-flex wp-container-core-columns-is-layout-7387b849 wp-block-columns-is-layout-flex\">\n<div class=\"wp-block-column is-layout-flow wp-block-column-is-layout-flow\">\n<p class=\"wp-block-paragraph\">2018 LGS S\u00d6ZEL B\u00d6L\u00dcM \u0130\u00c7\u0130N <a href=\"https:\/\/odsgm.meb.gov.tr\/meb_iys_dosyalar\/2018_06\/03153730_SYZEL_BYLYM_A_kitapYY.pdf\" title=\"\">TIKLAYINIZ<\/a><\/p>\n<\/div>\n\n\n\n<div class=\"wp-block-column is-layout-flow wp-block-column-is-layout-flow\">\n<p class=\"wp-block-paragraph\">2018 LGS SAYISAL B\u00d6L\u00dcM \u0130\u00c7\u0130N <a href=\"https:\/\/odsgm.meb.gov.tr\/meb_iys_dosyalar\/2018_06\/03153730_SAYISAL_BYLYM_A_kitapYY.pdf\" title=\"\">TIKLAYINIZ<\/a><\/p>\n<\/div>\n<\/div>\n","protected":false},"excerpt":{"rendered":"<p>2025 LGS \u00c7\u0131km\u0131\u015f Sorular ve Cevaplar 2025 LGS S\u00d6ZEL B\u00d6L\u00dcM \u0130\u00c7\u0130N TIKLAYINIZ 2025 LGS SAYISAL B\u00d6L\u00dcM \u0130\u00c7\u0130N TIKLAYINIZ 2024 LGS \u00c7\u0131km\u0131\u015f Sorular ve Cevaplar 2024 LGS S\u00d6ZEL B\u00d6L\u00dcM \u0130\u00c7\u0130N TIKLAYINIZ 2024 LGS SAYISAL B\u00d6L\u00dcM \u0130\u00c7\u0130N TIKLAYINIZ 2023 LGS \u00c7\u0131km\u0131\u015f Sorular ve Cevaplar 2023 LGS S\u00d6ZEL B\u00d6L\u00dcM \u0130\u00c7\u0130N TIKLAYINIZ 2023 LGS SAYISAL B\u00d6L\u00dcM \u0130\u00c7\u0130N TIKLAYINIZ 2022 [&hellip;]<\/p>\n","protected":false},"author":1,"featured_media":0,"parent":0,"menu_order":0,"comment_status":"closed","ping_status":"closed","template":"","meta":{"_crdt_document":"","om_disable_all_campaigns":false,"_uag_custom_page_level_css":"","_monsterinsights_skip_tracking":false,"_monsterinsights_sitenote_active":false,"_monsterinsights_sitenote_note":"","_monsterinsights_sitenote_category":0,"site-sidebar-layout":"default","site-content-layout":"","ast-site-content-layout":"default","site-content-style":"default","site-sidebar-style":"default","ast-global-header-display":"","ast-banner-title-visibility":"","ast-main-header-display":"","ast-hfb-above-header-display":"","ast-hfb-below-header-display":"","ast-hfb-mobile-header-display":"","site-post-title":"","ast-breadcrumbs-content":"","ast-featured-img":"","footer-sml-layout":"","ast-disable-related-posts":"","theme-transparent-header-meta":"","adv-header-id-meta":"","stick-header-meta":"","header-above-stick-meta":"","header-main-stick-meta":"","header-below-stick-meta":"","astra-migrate-meta-layouts":"set","ast-page-background-enabled":"default","ast-page-background-meta":{"desktop":{"background-color":"","background-image":"","background-repeat":"repeat","background-position":"center center","background-size":"auto","background-attachment":"scroll","background-type":"","background-media":"","overlay-type":"","overlay-color":"","overlay-opacity":"","overlay-gradient":""},"tablet":{"background-color":"","background-image":"","background-repeat":"repeat","background-position":"center center","background-size":"auto","background-attachment":"scroll","background-type":"","background-media":"","overlay-type":"","overlay-color":"","overlay-opacity":"","overlay-gradient":""},"mobile":{"background-color":"","background-image":"","background-repeat":"repeat","background-position":"center center","background-size":"auto","background-attachment":"scroll","background-type":"","background-media":"","overlay-type":"","overlay-color":"","overlay-opacity":"","overlay-gradient":""}},"ast-content-background-meta":{"desktop":{"background-color":"var(--ast-global-color-5)","background-image":"","background-repeat":"repeat","background-position":"center center","background-size":"auto","background-attachment":"scroll","background-type":"","background-media":"","overlay-type":"","overlay-color":"","overlay-opacity":"","overlay-gradient":""},"tablet":{"background-color":"var(--ast-global-color-5)","background-image":"","background-repeat":"repeat","background-position":"center center","background-size":"auto","background-attachment":"scroll","background-type":"","background-media":"","overlay-type":"","overlay-color":"","overlay-opacity":"","overlay-gradient":""},"mobile":{"background-color":"var(--ast-global-color-5)","background-image":"","background-repeat":"repeat","background-position":"center center","background-size":"auto","background-attachment":"scroll","background-type":"","background-media":"","overlay-type":"","overlay-color":"","overlay-opacity":"","overlay-gradient":""}},"footnotes":""},"class_list":["post-25918","page","type-page","status-publish","hentry"],"aioseo_notices":[],"uagb_featured_image_src":{"full":false,"thumbnail":false,"medium":false,"medium_large":false,"large":false,"1536x1536":false,"2048x2048":false,"masteriyo_single":false,"masteriyo_thumbnail":false,"masteriyo_medium":false,"woocommerce_thumbnail":false,"woocommerce_single":false,"woocommerce_gallery_thumbnail":false},"uagb_author_info":{"display_name":"sddk.aknar","author_link":"https:\/\/sddkaknar.com\/?author=1"},"uagb_comment_info":0,"uagb_excerpt":"2025 LGS \u00c7\u0131km\u0131\u015f Sorular ve Cevaplar 2025 LGS S\u00d6ZEL B\u00d6L\u00dcM \u0130\u00c7\u0130N TIKLAYINIZ 2025 LGS SAYISAL B\u00d6L\u00dcM \u0130\u00c7\u0130N TIKLAYINIZ 2024 LGS \u00c7\u0131km\u0131\u015f Sorular ve Cevaplar 2024 LGS S\u00d6ZEL B\u00d6L\u00dcM \u0130\u00c7\u0130N TIKLAYINIZ 2024 LGS SAYISAL B\u00d6L\u00dcM \u0130\u00c7\u0130N TIKLAYINIZ 2023 LGS \u00c7\u0131km\u0131\u015f Sorular ve Cevaplar 2023 LGS S\u00d6ZEL B\u00d6L\u00dcM \u0130\u00c7\u0130N TIKLAYINIZ 2023 LGS SAYISAL B\u00d6L\u00dcM \u0130\u00c7\u0130N TIKLAYINIZ 2022&hellip;","_links":{"self":[{"href":"https:\/\/sddkaknar.com\/index.php?rest_route=\/wp\/v2\/pages\/25918","targetHints":{"allow":["GET"]}}],"collection":[{"href":"https:\/\/sddkaknar.com\/index.php?rest_route=\/wp\/v2\/pages"}],"about":[{"href":"https:\/\/sddkaknar.com\/index.php?rest_route=\/wp\/v2\/types\/page"}],"author":[{"embeddable":true,"href":"https:\/\/sddkaknar.com\/index.php?rest_route=\/wp\/v2\/users\/1"}],"replies":[{"embeddable":true,"href":"https:\/\/sddkaknar.com\/index.php?rest_route=%2Fwp%2Fv2%2Fcomments&post=25918"}],"version-history":[{"count":4,"href":"https:\/\/sddkaknar.com\/index.php?rest_route=\/wp\/v2\/pages\/25918\/revisions"}],"predecessor-version":[{"id":26241,"href":"https:\/\/sddkaknar.com\/index.php?rest_route=\/wp\/v2\/pages\/25918\/revisions\/26241"}],"wp:attachment":[{"href":"https:\/\/sddkaknar.com\/index.php?rest_route=%2Fwp%2Fv2%2Fmedia&parent=25918"}],"curies":[{"name":"wp","href":"https:\/\/api.w.org\/{rel}","templated":true}]}}