{"id":26025,"date":"2024-11-30T02:11:57","date_gmt":"2024-11-29T23:11:57","guid":{"rendered":"https:\/\/sddkaknar.com\/?page_id=26025"},"modified":"2026-04-24T12:34:04","modified_gmt":"2026-04-24T09:34:04","slug":"8-sinif-calisma-sayfalari","status":"publish","type":"page","link":"https:\/\/sddkaknar.com\/?page_id=26025","title":{"rendered":"8.SINIF \u00c7ALI\u015eMA SAYFALARI"},"content":{"rendered":"\n<div class=\"wp-block-file\"><a id=\"wp-block-file--media-af7aefd8-95f9-4268-a27b-302d9baa603f\" href=\"https:\/\/sddkaknar.com\/wp-content\/uploads\/2024\/11\/A-KITAPCIGI.pdf\">POZ\u0130T\u0130F \u00c7ARPANLAR<\/a><a href=\"https:\/\/sddkaknar.com\/wp-content\/uploads\/2024\/11\/A-KITAPCIGI.pdf\" class=\"wp-block-file__button wp-element-button\" download aria-describedby=\"wp-block-file--media-af7aefd8-95f9-4268-a27b-302d9baa603f\">\u0130ndir<\/a><\/div>\n\n\n\n<div class=\"wp-block-file\"><a id=\"wp-block-file--media-74188780-dade-4e31-beac-f5470aef25d7\" href=\"https:\/\/sddkaknar.com\/wp-content\/uploads\/2024\/11\/A-KITAPCIGI-1.pdf\">ASAL \u00c7ARPANLAR<\/a><a href=\"https:\/\/sddkaknar.com\/wp-content\/uploads\/2024\/11\/A-KITAPCIGI-1.pdf\" class=\"wp-block-file__button wp-element-button\" download aria-describedby=\"wp-block-file--media-74188780-dade-4e31-beac-f5470aef25d7\">\u0130ndir<\/a><\/div>\n\n\n\n<div class=\"wp-block-file\"><a id=\"wp-block-file--media-d09322ef-1457-4299-85e1-076a1cf1918d\" href=\"https:\/\/sddkaknar.com\/wp-content\/uploads\/2024\/12\/A-KITAPCIGI.pdf\">EBOB EKOK <\/a><a href=\"https:\/\/sddkaknar.com\/wp-content\/uploads\/2024\/12\/A-KITAPCIGI.pdf\" class=\"wp-block-file__button wp-element-button\" download aria-describedby=\"wp-block-file--media-d09322ef-1457-4299-85e1-076a1cf1918d\">\u0130ndir<\/a><\/div>\n\n\n\n<div class=\"wp-block-file\"><a id=\"wp-block-file--media-9e130822-1362-4381-abe9-31de7cb803ad\" href=\"https:\/\/sddkaknar.com\/wp-content\/uploads\/2025\/04\/BENZERLIK.pdf\">BENZERLIK<\/a><a href=\"https:\/\/sddkaknar.com\/wp-content\/uploads\/2025\/04\/BENZERLIK.pdf\" class=\"wp-block-file__button wp-element-button\" download aria-describedby=\"wp-block-file--media-9e130822-1362-4381-abe9-31de7cb803ad\">\u0130ndir<\/a><\/div>\n\n\n\n<div class=\"wp-block-file\"><a id=\"wp-block-file--media-8b2ea317-7b7f-451e-93a4-d95dfe2f7fce\" href=\"https:\/\/sddkaknar.com\/wp-content\/uploads\/2026\/04\/Ucgenler-not.pdf\">\u00dc\u00e7genler not<\/a><a href=\"https:\/\/sddkaknar.com\/wp-content\/uploads\/2026\/04\/Ucgenler-not.pdf\" class=\"wp-block-file__button wp-element-button\" download aria-describedby=\"wp-block-file--media-8b2ea317-7b7f-451e-93a4-d95dfe2f7fce\">\u0130ndir<\/a><\/div>\n\n\n\n<p class=\"wp-block-paragraph\"><\/p>\n","protected":false},"excerpt":{"rendered":"","protected":false},"author":1,"featured_media":0,"parent":0,"menu_order":0,"comment_status":"closed","ping_status":"closed","template":"","meta":{"_crdt_document":"{\"document\":\"AAAH7r3AgBbpAW0INI5FAR6EAQIBAgoBAQhIAQAwcAEPSgCsAQECCgEBCEgBACpqAQ9KAKYBAQIKAQEISAEAImIBD0oAngEBAgoBAQhIAQAgYAEPSgCgAQEBCAERSA5EQgEClgHSAZYB4gGmAQEBCAEPSMoJoAcCAI8BKAMnAAQAJwAEACcAKAQnACggJwAHACgDJwAoAicABAAoAScABAAoEScAhwAoAycAKAInAAQAKAEnAAQAKBEnAIcAKAMnACgCJwAEACgBJwAEACgRJwCHACgDJwAoAicABAAoAScABAAoEScAIQGHACgCJwEoACcAKBAnAAQBKASoAocAKAInASgQJwCEAKiIMoYwc3RhdGV2ZXJzaW9uZG9jdW1lbnRkYXRlZG9jdW1lbnRzbHVnZG9jdW1lbnRzdGF0dXNkb2N1bWVudHRpdGxlOC5TSU5JRiDDh0FMScWeTUEgU0FZRkFMQVJJZG9jdW1lbnRjb250ZW50PCEtLSB3cDpmaWxlIHsiaWQiOjI2MDI2LCJocmVmIjoiaHR0cHM6Ly9zZGRrYWtuYXIuY29tL3dwLWNvbnRlbnQvdXBsb2Fkcy8yMDI0LzExL0EtS0lUQVBDSUdJLnBkZiIsImRpc3BsYXlQcmV2aWV3IjpmYWxzZX0gLS0+CjxkaXYgY2xhc3M9IndwLWJsb2NrLWZpbGUiPjxhIGlkPSJ3cC1ibG9jay1maWxlLS1tZWRpYS1hZjdhZWZkOC05NWY5LTQyNjgtYTI3Yi0zMDJkOWJhYTYwM2YiIGhyZWY9Imh0dHBzOi8vc2Rka2FrbmFyLmNvbS93cC1jb250ZW50L3VwbG9hZHMvMjAyNC8xMS9BLUtJVEFQQ0lHSS5wZGYiPlBPWsSwVMSwRiDDh0FSUEFOTEFSPC9hPjxhIGhyZWY9Imh0dHBzOi8vc2Rka2FrbmFyLmNvbS93cC1jb250ZW50L3VwbG9hZHMvMjAyNC8xMS9BLUtJVEFQQ0lHSS5wZGYiIGNsYXNzPSJ3cC1ibG9jay1maWxlX19idXR0b24gd3AtZWxlbWVudC1idXR0b24iIGRvd25sb2FkIGFyaWEtZGVzY3JpYmVkYnk9IndwLWJsb2NrLWZpbGUtLW1lZGlhLWFmN2FlZmQ4LTk1ZjktNDI2OC1hMjdiLTMwMmQ5YmFhNjAzZiI+xLBuZGlyPC9hPjwvZGl2Pgo8IS0tIC93cDpmaWxlIC0tPgoKPCEtLSB3cDpmaWxlIHsiaWQiOjI2MDI3LCJocmVmIjoiaHR0cHM6Ly9zZGRrYWtuYXIuY29tL3dwLWNvbnRlbnQvdXBsb2Fkcy8yMDI0LzExL0EtS0lUQVBDSUdJLTEucGRmIiwiZGlzcGxheVByZXZpZXciOmZhbHNlfSAtLT4KPGRpdiBjbGFzcz0id3AtYmxvY2stZmlsZSI+PGEgaWQ9IndwLWJsb2NrLWZpbGUtLW1lZGlhLTc0MTg4NzgwLWRhZGUtNGUzMS1iZWFjLWY1NDcwYWVmMjVkNyIgaHJlZj0iaHR0cHM6Ly9zZGRrYWtuYXIuY29tL3dwLWNvbnRlbnQvdXBsb2Fkcy8yMDI0LzExL0EtS0lUQVBDSUdJLTEucGRmIj5BU0FMIMOHQVJQQU5MQVI8L2E+PGEgaHJlZj0iaHR0cHM6Ly9zZGRrYWtuYXIuY29tL3dwLWNvbnRlbnQvdXBsb2Fkcy8yMDI0LzExL0EtS0lUQVBDSUdJLTEucGRmIiBjbGFzcz0id3AtYmxvY2stZmlsZV9fYnV0dG9uIHdwLWVsZW1lbnQtYnV0dG9uIiBkb3dubG9hZCBhcmlhLWRlc2NyaWJlZGJ5PSJ3cC1ibG9jay1maWxlLS1tZWRpYS03NDE4ODc4MC1kYWRlLTRlMzEtYmVhYy1mNTQ3MGFlZjI1ZDciPsSwbmRpcjwvYT48L2Rpdj4KPCEtLSAvd3A6ZmlsZSAtLT4KCjwhLS0gd3A6ZmlsZSB7ImlkIjoyNjAzMiwiaHJlZiI6Imh0dHBzOi8vc2Rka2FrbmFyLmNvbS93cC1jb250ZW50L3VwbG9hZHMvMjAyNC8xMi9BLUtJVEFQQ0lHSS5wZGYiLCJkaXNwbGF5UHJldmlldyI6ZmFsc2V9IC0tPgo8ZGl2IGNsYXNzPSJ3cC1ibG9jay1maWxlIj48YSBpZD0id3AtYmxvY2stZmlsZS0tbWVkaWEtZDA5MzIyZWYtMTQ1Ny00Mjk5LTg1ZTEtMDc2YTFjZjE5MThkIiBocmVmPSJodHRwczovL3NkZGtha25hci5jb20vd3AtY29udGVudC91cGxvYWRzLzIwMjQvMTIvQS1LSVRBUENJR0kucGRmIj5FQk9CIEVLT0sgPC9hPjxhIGhyZWY9Imh0dHBzOi8vc2Rka2FrbmFyLmNvbS93cC1jb250ZW50L3VwbG9hZHMvMjAyNC8xMi9BLUtJVEFQQ0lHSS5wZGYiIGNsYXNzPSJ3cC1ibG9jay1maWxlX19idXR0b24gd3AtZWxlbWVudC1idXR0b24iIGRvd25sb2FkIGFyaWEtZGVzY3JpYmVkYnk9IndwLWJsb2NrLWZpbGUtLW1lZGlhLWQwOTMyMmVmLTE0NTctNDI5OS04NWUxLTA3NmExY2YxOTE4ZCI+xLBuZGlyPC9hPjwvZGl2Pgo8IS0tIC93cDpmaWxlIC0tPgoKPCEtLSB3cDpmaWxlIHsiaWQiOjI2MTQxLCJocmVmIjoiaHR0cHM6Ly9zZGRrYWtuYXIuY29tL3dwLWNvbnRlbnQvdXBsb2Fkcy8yMDI1LzA0L0JFTlpFUkxJSy5wZGYiLCJkaXNwbGF5UHJldmlldyI6ZmFsc2V9IC0tPgo8ZGl2IGNsYXNzPSJ3cC1ibG9jay1maWxlIj48YSBpZD0id3AtYmxvY2stZmlsZS0tbWVkaWEtOWUxMzA4MjItMTM2Mi00MzgxLWFiZTktMzFkZTdjYjgwM2FkIiBocmVmPSJodHRwczovL3NkZGtha25hci5jb20vd3AtY29udGVudC91cGxvYWRzLzIwMjUvMDQvQkVOWkVSTElLLnBkZiI+QkVOWkVSTElLPC9hPjxhIGhyZWY9Imh0dHBzOi8vc2Rka2FrbmFyLmNvbS93cC1jb250ZW50L3VwbG9hZHMvMjAyNS8wNC9CRU5aRVJMSUsucGRmIiBjbGFzcz0id3AtYmxvY2stZmlsZV9fYnV0dG9uIHdwLWVsZW1lbnQtYnV0dG9uIiBkb3dubG9hZCBhcmlhLWRlc2NyaWJlZGJ5PSJ3cC1ibG9jay1maWxlLS1tZWRpYS05ZTEzMDgyMi0xMzYyLTQzODEtYWJlOS0zMWRlN2NiODAzYWQiPsSwbmRpcjwvYT48L2Rpdj4KPCEtLSAvd3A6ZmlsZSAtLT5kb2N1bWVudGV4Y2VycHRkb2N1bWVudGF1dGhvcmRvY3VtZW50ZmVhdHVyZWRfbWVkaWFkb2N1bWVudGNvbW1lbnRfc3RhdHVzZG9jdW1lbnRwaW5nX3N0YXR1c2RvY3VtZW50dGVtcGxhdGVkb2N1bWVudG1ldGFvbV9kaXNhYmxlX2FsbF9jYW1wYWlnbnNfdWFnX2N1c3RvbV9wYWdlX2xldmVsX2Nzc19tb25zdGVyaW5zaWdodHNfc2tpcF90cmFja2luZ19tb25zdGVyaW5zaWdodHNfc2l0ZW5vdGVfYWN0aXZlX21vbnN0ZXJpbnNpZ2h0c19zaXRlbm90ZV9ub3RlX21vbnN0ZXJpbnNpZ2h0c19zaXRlbm90ZV9jYXRlZ29yeXNpdGUtc2lkZWJhci1sYXlvdXRzaXRlLWNvbnRlbnQtbGF5b3V0YXN0LXNpdGUtY29udGVudC1sYXlvdXRzaXRlLWNvbnRlbnQtc3R5bGVzaXRlLXNpZGViYXItc3R5bGVhc3QtZ2xvYmFsLWhlYWRlci1kaXNwbGF5YXN0LWJhbm5lci10aXRsZS12aXNpYmlsaXR5YXN0LW1haW4taGVhZGVyLWRpc3BsYXlhc3QtaGZiLWFib3ZlLWhlYWRlci1kaXNwbGF5YXN0LWhmYi1iZWxvdy1oZWFkZXItZGlzcGxheWFzdC1oZmItbW9iaWxlLWhlYWRlci1kaXNwbGF5c2l0ZS1wb3N0LXRpdGxlYXN0LWJyZWFkY3J1bWJzLWNvbnRlbnRhc3QtZmVhdHVyZWQtaW1nZm9vdGVyLXNtbC1sYXlvdXRhc3QtZGlzYWJsZS1yZWxhdGVkLXBvc3RzdGhlbWUtdHJhbnNwYXJlbnQtaGVhZGVyLW1ldGFhZHYtaGVhZGVyLWlkLW1ldGFzdGljay1oZWFkZXItbWV0YWhlYWRlci1hYm92ZS1zdGljay1tZXRhaGVhZGVyLW1haW4tc3RpY2stbWV0YWhlYWRlci1iZWxvdy1zdGljay1tZXRhYXN0cmEtbWlncmF0ZS1tZXRhLWxheW91dHNhc3QtcGFnZS1iYWNrZ3JvdW5kLWVuYWJsZWRhc3QtcGFnZS1iYWNrZ3JvdW5kLW1ldGFhc3QtY29udGVudC1iYWNrZ3JvdW5kLW1ldGFmb290bm90ZXNkb2N1bWVudGJsb2Nrc2NsaWVudElkaXNWYWxpZG9yaWdpbmFsQ29udGVudG5hbWVhdHRyaWJ1dGVzaWRocmVmZmlsZUlkZmlsZU5hbWVQT1rEsFTEsEYgw4dBUlBBTkxBUnRleHRMaW5rSHJlZnNob3dEb3dubG9hZEJ1dHRvbmRvd25sb2FkQnV0dG9uVGV4dMSwbmRpcmRpc3BsYXlQcmV2aWV3cHJldmlld0hlaWdodFVBR0hpZGVEZXNrdG9wVUFHSGlkZU1vYlVBR0hpZGVUYWJVQUdMb2dnZWRJblVBR0xvZ2dlZE91dFVBR0RheVVBR1Jlc3BvbnNpdmVDb25kaXRpb25zVUFHQW5pbWF0aW9uVHlwZVVBR0FuaW1hdGlvblRpbWVVQUdBbmltYXRpb25EZWxheVVBR0FuaW1hdGlvbkVhc2luZ1VBR0FuaW1hdGlvblJlcGVhdFVBR1Bvc2l0aW9uVUFHU3RpY2t5TG9jYXRpb25VQUdTdGlja3lSZXN0cmljdGVkVUFHU3RpY2t5T2Zmc2V0aW5uZXJCbG9ja3NjbGllbnRJZGlzVmFsaWRvcmlnaW5hbENvbnRlbnRuYW1lYXR0cmlidXRlc2lkaHJlZmZpbGVJZGZpbGVOYW1lQVNBTCDDh0FSUEFOTEFSdGV4dExpbmtIcmVmc2hvd0Rvd25sb2FkQnV0dG9uZG93bmxvYWRCdXR0b25UZXh0xLBuZGlyZGlzcGxheVByZXZpZXdwcmV2aWV3SGVpZ2h0VUFHSGlkZURlc2t0b3BVQUdIaWRlTW9iVUFHSGlkZVRhYlVBR0xvZ2dlZEluVUFHTG9nZ2VkT3V0VUFHRGF5VUFHUmVzcG9uc2l2ZUNvbmRpdGlvbnNVQUdBbmltYXRpb25UeXBlVUFHQW5pbWF0aW9uVGltZVVBR0FuaW1hdGlvbkRlbGF5VUFHQW5pbWF0aW9uRWFzaW5nVUFHQW5pbWF0aW9uUmVwZWF0VUFHUG9zaXRpb25VQUdTdGlja3lMb2NhdGlvblVBR1N0aWNreVJlc3RyaWN0ZWRVQUdTdGlja3lPZmZzZXRpbm5lckJsb2Nrc2NsaWVudElkaXNWYWxpZG9yaWdpbmFsQ29udGVudG5hbWVhdHRyaWJ1dGVzaWRocmVmZmlsZUlkZmlsZU5hbWVFQk9CIEVLT0sgdGV4dExpbmtIcmVmc2hvd0Rvd25sb2FkQnV0dG9uZG93bmxvYWRCdXR0b25UZXh0xLBuZGlyZGlzcGxheVByZXZpZXdwcmV2aWV3SGVpZ2h0VUFHSGlkZURlc2t0b3BVQUdIaWRlTW9iVUFHSGlkZVRhYlVBR0xvZ2dlZEluVUFHTG9nZ2VkT3V0VUFHRGF5VUFHUmVzcG9uc2l2ZUNvbmRpdGlvbnNVQUdBbmltYXRpb25UeXBlVUFHQW5pbWF0aW9uVGltZVVBR0FuaW1hdGlvbkRlbGF5VUFHQW5pbWF0aW9uRWFzaW5nVUFHQW5pbWF0aW9uUmVwZWF0VUFHUG9zaXRpb25VQUdTdGlja3lMb2NhdGlvblVBR1N0aWNreVJlc3RyaWN0ZWRVQUdTdGlja3lPZmZzZXRpbm5lckJsb2Nrc2NsaWVudElkaXNWYWxpZG9yaWdpbmFsQ29udGVudG5hbWVhdHRyaWJ1dGVzaWRocmVmZmlsZUlkZmlsZU5hbWVCRU5aRVJMSUt0ZXh0TGlua0hyZWZzaG93RG93bmxvYWRCdXR0b25kb3dubG9hZEJ1dHRvblRleHTEsG5kaXJkaXNwbGF5UHJldmlld3ByZXZpZXdIZWlnaHRVQUdIaWRlRGVza3RvcFVBR0hpZGVNb2JVQUdIaWRlVGFiVUFHTG9nZ2VkSW5VQUdMb2dnZWRPdXRVQUdEYXlVQUdSZXNwb25zaXZlQ29uZGl0aW9uc1VBR0FuaW1hdGlvblR5cGVVQUdBbmltYXRpb25UaW1lVUFHQW5pbWF0aW9uRGVsYXlVQUdBbmltYXRpb25FYXNpbmdVQUdBbmltYXRpb25SZXBlYXRVQUdQb3NpdGlvblVBR1N0aWNreUxvY2F0aW9uVUFHU3RpY2t5UmVzdHJpY3RlZFVBR1N0aWNreU9mZnNldGlubmVyQmxvY2tzc3RhdGVzYXZlZEF0c3RhdGVzYXZlZEJ5Y2xpZW50SWRpc1ZhbGlkbmFtZWF0dHJpYnV0ZXNmaWxlTmFtZXNob3dEb3dubG9hZEJ1dHRvbmRvd25sb2FkQnV0dG9uVGV4dHByZXZpZXdIZWlnaHRVQUdIaWRlRGVza3RvcFVBR0hpZGVNb2JVQUdIaWRlVGFiVUFHTG9nZ2VkSW5VQUdMb2dnZWRPdXRVQUdEYXlVQUdSZXNwb25zaXZlQ29uZGl0aW9uc1VBR0FuaW1hdGlvblR5cGVVQUdBbmltYXRpb25UaW1lVUFHQW5pbWF0aW9uRGVsYXlVQUdBbmltYXRpb25FYXNpbmdVQUdBbmltYXRpb25SZXBlYXRVQUdQb3NpdGlvblVBR1N0aWNreUxvY2F0aW9uVUFHU3RpY2t5UmVzdHJpY3RlZFVBR1N0aWNreU9mZnNldGlubmVyQmxvY2tzxLBuZGlyw5zDp2dlbmxlciBub3RocmVmdGV4dExpbmtIcmVmaWRmaWxlSWRkaXNwbGF5UHJldmlld2NsaWVudElkaXNWYWxpZG5hbWVhdHRyaWJ1dGVzY29udGVudGRyb3BDYXBVQUdIaWRlRGVza3RvcFVBR0hpZGVNb2JVQUdIaWRlVGFiVUFHTG9nZ2VkSW5VQUdMb2dnZWRPdXRVQUdEYXlVQUdSZXNwb25zaXZlQ29uZGl0aW9uc1VBR0FuaW1hdGlvblR5cGVVQUdBbmltYXRpb25UaW1lVUFHQW5pbWF0aW9uRGVsYXlVQUdBbmltYXRpb25FYXNpbmdVQUdBbmltYXRpb25SZXBlYXRVQUdQb3NpdGlvblVBR1N0aWNreUxvY2F0aW9uVUFHU3RpY2t5UmVzdHJpY3RlZFVBR1N0aWNreU9mZnNldGlubmVyQmxvY2tzCgo8IS0tIHdwOmZpbGUgeyJpZCI6MjYzNzYsImhyZWYiOiJodHRwczovL3NkZGtha25hci5jb20vd3AtY29udGVudC91cGxvYWRzLzIwMjYvMDQvVWNnZW5sZXItbm90LnBkZiIsImRpc3BsYXlQcmV2aWV3IjpmYWxzZX0gLS0+CjxkaXYgY2xhc3M9IndwLWJsb2NrLWZpbGUiPjxhIGlkPSJ3cC1ibG9jay1maWxlLS1tZWRpYS04YjJlYTMxNy03YjdmLTQ1MWUtOTNhNC1kOTVkZmUyZjdmY2UiIGhyZWY9Imh0dHBzOi8vc2Rka2FrbmFyLmNvbS93cC1jb250ZW50L3VwbG9hZHMvMjAyNi8wNC9VY2dlbmxlci1ub3QucGRmIj7DnMOnZ2VubGVyIG5vdDwvYT48YSBocmVmPSJodHRwczovL3NkZGtha25hci5jb20vd3AtY29udGVudC91cGxvYWRzLzIwMjYvMDQvVWNnZW5sZXItbm90LnBkZiIgY2xhc3M9IndwLWJsb2NrLWZpbGVfX2J1dHRvbiB3cC1lbGVtZW50LWJ1dHRvbiIgZG93bmxvYWQgYXJpYS1kZXNjcmliZWRieT0id3AtYmxvY2stZmlsZS0tbWVkaWEtOGIyZWEzMTctN2I3Zi00NTFlLTkzYTQtZDk1ZGZlMmY3ZmNlIj7EsG5kaXI8L2E+PC9kaXY+CjwhLS0gL3dwOmZpbGUgLS0+Cgo8IS0tIHdwOnBhcmFncmFwaCAtLT4KPHA+PC9wPgo8IS0tIC93cDpwYXJhZ3JhcGggLS0+BQcIBAgECAYIBRkIB6AiCAcIBggOCA4IC0gBBBgaHiAeIlMAF1IAGRsXXAAdDxcQERkdEhEXFhcaGxgbCQgGCAcPBAoCBAYIEQxSAAUODQ5KAAsMBhdQABFSAAsREw8LCAcPBAoCBAYIDgxSAAUODQ5KAAsMBhdQABFSAAsREw8LCAcPBAoCBAYICgxSAAUODQ5KAAsMBhdQABFSAAsREw8LCAcPBAoCBAYICQxSAAUODQ5KAAsMBhdQABFSAAsREw8LBQcFBwgHBAoIUgANDkoACwwGF1AAEVIACxETDwsFDAQMAgYOCAcECkcADkoACwwGF1AAEVIACxETDwuhCRQBBAAAAQAAAAEGACABAACEAQEBACFCAQEAQQBCAABBAEIAAEEAQgAAQQBCAABBAEIAAEEAAgADQckBAfoBAH0BdxMyMDI0LTExLTMwVDAyOjExOjU3dxk4LXNpbmlmLWNhbGlzbWEtc2F5ZmFsYXJpdwdwdWJsaXNofQF9AHcGY2xvc2VkdwZjbG9zZWR3AHl3AHl5dwB9AHcHZGVmYXVsdHcAdwdkZWZhdWx0dwdkZWZhdWx0dwdkZWZhdWx0dwB3AHcAdwB3AHcAdwB3AHcAdwB3AHcAdwB3AHcAdwB3AHcDc2V0dwdkZWZhdWx0dgMHZGVza3RvcHYMEGJhY2tncm91bmQtY29sb3J3ABBiYWNrZ3JvdW5kLWltYWdldwARYmFja2dyb3VuZC1yZXBlYXR3BnJlcGVhdBNiYWNrZ3JvdW5kLXBvc2l0aW9udw1jZW50ZXIgY2VudGVyD2JhY2tncm91bmQtc2l6ZXcEYXV0bxViYWNrZ3JvdW5kLWF0dGFjaG1lbnR3BnNjcm9sbA9iYWNrZ3JvdW5kLXR5cGV3ABBiYWNrZ3JvdW5kLW1lZGlhdwAMb3ZlcmxheS10eXBldwANb3ZlcmxheS1jb2xvcncAD292ZXJsYXktb3BhY2l0eXcAEG92ZXJsYXktZ3JhZGllbnR3AAZ0YWJsZXR2DBBiYWNrZ3JvdW5kLWNvbG9ydwAQYmFja2dyb3VuZC1pbWFnZXcAEWJhY2tncm91bmQtcmVwZWF0dwZyZXBlYXQTYmFja2dyb3VuZC1wb3NpdGlvbncNY2VudGVyIGNlbnRlcg9iYWNrZ3JvdW5kLXNpemV3BGF1dG8VYmFja2dyb3VuZC1hdHRhY2htZW50dwZzY3JvbGwPYmFja2dyb3VuZC10eXBldwAQYmFja2dyb3VuZC1tZWRpYXcADG92ZXJsYXktdHlwZXcADW92ZXJsYXktY29sb3J3AA9vdmVybGF5LW9wYWNpdHl3ABBvdmVybGF5LWdyYWRpZW50dwAGbW9iaWxldgwQYmFja2dyb3VuZC1jb2xvcncAEGJhY2tncm91bmQtaW1hZ2V3ABFiYWNrZ3JvdW5kLXJlcGVhdHcGcmVwZWF0E2JhY2tncm91bmQtcG9zaXRpb253DWNlbnRlciBjZW50ZXIPYmFja2dyb3VuZC1zaXpldwRhdXRvFWJhY2tncm91bmQtYXR0YWNobWVudHcGc2Nyb2xsD2JhY2tncm91bmQtdHlwZXcAEGJhY2tncm91bmQtbWVkaWF3AAxvdmVybGF5LXR5cGV3AA1vdmVybGF5LWNvbG9ydwAPb3ZlcmxheS1vcGFjaXR5dwAQb3ZlcmxheS1ncmFkaWVudHcAdgMHZGVza3RvcHYMEGJhY2tncm91bmQtY29sb3J3GXZhcigtLWFzdC1nbG9iYWwtY29sb3ItNSkQYmFja2dyb3VuZC1pbWFnZXcAEWJhY2tncm91bmQtcmVwZWF0dwZyZXBlYXQTYmFja2dyb3VuZC1wb3NpdGlvbncNY2VudGVyIGNlbnRlcg9iYWNrZ3JvdW5kLXNpemV3BGF1dG8VYmFja2dyb3VuZC1hdHRhY2htZW50dwZzY3JvbGwPYmFja2dyb3VuZC10eXBldwAQYmFja2dyb3VuZC1tZWRpYXcADG92ZXJsYXktdHlwZXcADW92ZXJsYXktY29sb3J3AA9vdmVybGF5LW9wYWNpdHl3ABBvdmVybGF5LWdyYWRpZW50dwAGdGFibGV0dgwQYmFja2dyb3VuZC1jb2xvcncZdmFyKC0tYXN0LWdsb2JhbC1jb2xvci01KRBiYWNrZ3JvdW5kLWltYWdldwARYmFja2dyb3VuZC1yZXBlYXR3BnJlcGVhdBNiYWNrZ3JvdW5kLXBvc2l0aW9udw1jZW50ZXIgY2VudGVyD2JhY2tncm91bmQtc2l6ZXcEYXV0bxViYWNrZ3JvdW5kLWF0dGFjaG1lbnR3BnNjcm9sbA9iYWNrZ3JvdW5kLXR5cGV3ABBiYWNrZ3JvdW5kLW1lZGlhdwAMb3ZlcmxheS10eXBldwANb3ZlcmxheS1jb2xvcncAD292ZXJsYXktb3BhY2l0eXcAEG92ZXJsYXktZ3JhZGllbnR3AAZtb2JpbGV2DBBiYWNrZ3JvdW5kLWNvbG9ydxl2YXIoLS1hc3QtZ2xvYmFsLWNvbG9yLTUpEGJhY2tncm91bmQtaW1hZ2V3ABFiYWNrZ3JvdW5kLXJlcGVhdHcGcmVwZWF0E2JhY2tncm91bmQtcG9zaXRpb253DWNlbnRlciBjZW50ZXIPYmFja2dyb3VuZC1zaXpldwRhdXRvFWJhY2tncm91bmQtYXR0YWNobWVudHcGc2Nyb2xsD2JhY2tncm91bmQtdHlwZXcAEGJhY2tncm91bmQtbWVkaWF3AAxvdmVybGF5LXR5cGV3AA1vdmVybGF5LWNvbG9ydwAPb3ZlcmxheS1vcGFjaXR5dwAQb3ZlcmxheS1ncmFkaWVudHcAdwB3JGVhNTQ0ZjE3LTAyMGUtNDZiYS1hOTI5LTI5Mzk2ZjgyNDkzYnh3ngM8ZGl2IGNsYXNzPSJ3cC1ibG9jay1maWxlIj48YSBpZD0id3AtYmxvY2stZmlsZS0tbWVkaWEtYWY3YWVmZDgtOTVmOS00MjY4LWEyN2ItMzAyZDliYWE2MDNmIiBocmVmPSJodHRwczovL3NkZGtha25hci5jb20vd3AtY29udGVudC91cGxvYWRzLzIwMjQvMTEvQS1LSVRBUENJR0kucGRmIj5QT1rEsFTEsEYgw4dBUlBBTkxBUjwvYT48YSBocmVmPSJodHRwczovL3NkZGtha25hci5jb20vd3AtY29udGVudC91cGxvYWRzLzIwMjQvMTEvQS1LSVRBUENJR0kucGRmIiBjbGFzcz0id3AtYmxvY2stZmlsZV9fYnV0dG9uIHdwLWVsZW1lbnQtYnV0dG9uIiBkb3dubG9hZCBhcmlhLWRlc2NyaWJlZGJ5PSJ3cC1ibG9jay1maWxlLS1tZWRpYS1hZjdhZWZkOC05NWY5LTQyNjgtYTI3Yi0zMDJkOWJhYTYwM2YiPsSwbmRpcjwvYT48L2Rpdj53CWNvcmUvZmlsZX2qlgN3QGh0dHBzOi8vc2Rka2FrbmFyLmNvbS93cC1jb250ZW50L3VwbG9hZHMvMjAyNC8xMS9BLUtJVEFQQ0lHSS5wZGZ3OXdwLWJsb2NrLWZpbGUtLW1lZGlhLWFmN2FlZmQ4LTk1ZjktNDI2OC1hMjdiLTMwMmQ5YmFhNjAzZndAaHR0cHM6Ly9zZGRrYWtuYXIuY29tL3dwLWNvbnRlbnQvdXBsb2Fkcy8yMDI0LzExL0EtS0lUQVBDSUdJLnBkZnh5fZgJeXl5eXl1AHl3AH2QBn0AdwRlYXNleXcAdwN0b3B5fQB3JDViNDI2MDllLTE4ODktNGU5NS1hZjlmLTc5ZTFhNTQyMWJkN3h3nQM8ZGl2IGNsYXNzPSJ3cC1ibG9jay1maWxlIj48YSBpZD0id3AtYmxvY2stZmlsZS0tbWVkaWEtNzQxODg3ODAtZGFkZS00ZTMxLWJlYWMtZjU0NzBhZWYyNWQ3IiBocmVmPSJodHRwczovL3NkZGtha25hci5jb20vd3AtY29udGVudC91cGxvYWRzLzIwMjQvMTEvQS1LSVRBUENJR0ktMS5wZGYiPkFTQUwgw4dBUlBBTkxBUjwvYT48YSBocmVmPSJodHRwczovL3NkZGtha25hci5jb20vd3AtY29udGVudC91cGxvYWRzLzIwMjQvMTEvQS1LSVRBUENJR0ktMS5wZGYiIGNsYXNzPSJ3cC1ibG9jay1maWxlX19idXR0b24gd3AtZWxlbWVudC1idXR0b24iIGRvd25sb2FkIGFyaWEtZGVzY3JpYmVkYnk9IndwLWJsb2NrLWZpbGUtLW1lZGlhLTc0MTg4NzgwLWRhZGUtNGUzMS1iZWFjLWY1NDcwYWVmMjVkNyI+xLBuZGlyPC9hPjwvZGl2PncJY29yZS9maWxlfauWA3dCaHR0cHM6Ly9zZGRrYWtuYXIuY29tL3dwLWNvbnRlbnQvdXBsb2Fkcy8yMDI0LzExL0EtS0lUQVBDSUdJLTEucGRmdzl3cC1ibG9jay1maWxlLS1tZWRpYS03NDE4ODc4MC1kYWRlLTRlMzEtYmVhYy1mNTQ3MGFlZjI1ZDd3Qmh0dHBzOi8vc2Rka2FrbmFyLmNvbS93cC1jb250ZW50L3VwbG9hZHMvMjAyNC8xMS9BLUtJVEFQQ0lHSS0xLnBkZnh5fZgJeXl5eXl1AHl3AH2QBn0AdwRlYXNleXcAdwN0b3B5fQB3JGQ1ZmVmNzhiLWVmNGEtNGE5Yi1iMTc3LTJmMzgwNzNiYmE3Nnh3lAM8ZGl2IGNsYXNzPSJ3cC1ibG9jay1maWxlIj48YSBpZD0id3AtYmxvY2stZmlsZS0tbWVkaWEtZDA5MzIyZWYtMTQ1Ny00Mjk5LTg1ZTEtMDc2YTFjZjE5MThkIiBocmVmPSJodHRwczovL3NkZGtha25hci5jb20vd3AtY29udGVudC91cGxvYWRzLzIwMjQvMTIvQS1LSVRBUENJR0kucGRmIj5FQk9CIEVLT0sgPC9hPjxhIGhyZWY9Imh0dHBzOi8vc2Rka2FrbmFyLmNvbS93cC1jb250ZW50L3VwbG9hZHMvMjAyNC8xMi9BLUtJVEFQQ0lHSS5wZGYiIGNsYXNzPSJ3cC1ibG9jay1maWxlX19idXR0b24gd3AtZWxlbWVudC1idXR0b24iIGRvd25sb2FkIGFyaWEtZGVzY3JpYmVkYnk9IndwLWJsb2NrLWZpbGUtLW1lZGlhLWQwOTMyMmVmLTE0NTctNDI5OS04NWUxLTA3NmExY2YxOTE4ZCI+xLBuZGlyPC9hPjwvZGl2PncJY29yZS9maWxlfbCWA3dAaHR0cHM6Ly9zZGRrYWtuYXIuY29tL3dwLWNvbnRlbnQvdXBsb2Fkcy8yMDI0LzEyL0EtS0lUQVBDSUdJLnBkZnc5d3AtYmxvY2stZmlsZS0tbWVkaWEtZDA5MzIyZWYtMTQ1Ny00Mjk5LTg1ZTEtMDc2YTFjZjE5MThkd0BodHRwczovL3NkZGtha25hci5jb20vd3AtY29udGVudC91cGxvYWRzLzIwMjQvMTIvQS1LSVRBUENJR0kucGRmeHl9mAl5eXl5eXUAeXcAfZAGfQB3BGVhc2V5dwB3A3RvcHl9AHckZmE4N2YxZTMtY2JjNy00ZWM4LWJkMDAtMGFhZGVjNTIxNGQweHePAzxkaXYgY2xhc3M9IndwLWJsb2NrLWZpbGUiPjxhIGlkPSJ3cC1ibG9jay1maWxlLS1tZWRpYS05ZTEzMDgyMi0xMzYyLTQzODEtYWJlOS0zMWRlN2NiODAzYWQiIGhyZWY9Imh0dHBzOi8vc2Rka2FrbmFyLmNvbS93cC1jb250ZW50L3VwbG9hZHMvMjAyNS8wNC9CRU5aRVJMSUsucGRmIj5CRU5aRVJMSUs8L2E+PGEgaHJlZj0iaHR0cHM6Ly9zZGRrYWtuYXIuY29tL3dwLWNvbnRlbnQvdXBsb2Fkcy8yMDI1LzA0L0JFTlpFUkxJSy5wZGYiIGNsYXNzPSJ3cC1ibG9jay1maWxlX19idXR0b24gd3AtZWxlbWVudC1idXR0b24iIGRvd25sb2FkIGFyaWEtZGVzY3JpYmVkYnk9IndwLWJsb2NrLWZpbGUtLW1lZGlhLTllMTMwODIyLTEzNjItNDM4MS1hYmU5LTMxZGU3Y2I4MDNhZCI+xLBuZGlyPC9hPjwvZGl2PncJY29yZS9maWxlfZ2YA3c+aHR0cHM6Ly9zZGRrYWtuYXIuY29tL3dwLWNvbnRlbnQvdXBsb2Fkcy8yMDI1LzA0L0JFTlpFUkxJSy5wZGZ3OXdwLWJsb2NrLWZpbGUtLW1lZGlhLTllMTMwODIyLTEzNjItNDM4MS1hYmU5LTMxZGU3Y2I4MDNhZHc+aHR0cHM6Ly9zZGRrYWtuYXIuY29tL3dwLWNvbnRlbnQvdXBsb2Fkcy8yMDI1LzA0L0JFTlpFUkxJSy5wZGZ4eX2YCXl5eXl5dQB5dwB9kAZ9AHcEZWFzZXl3AHcDdG9weX0AdyQ4YjJlYTMxNy03YjdmLTQ1MWUtOTNhNC1kOTVkZmUyZjdmY2V4dwljb3JlL2ZpbGV4fZgJeXl5eXl1AHl3AH2QBn0AdwRlYXNleXcAdwN0b3B5fQB3QWh0dHBzOi8vc2Rka2FrbmFyLmNvbS93cC1jb250ZW50L3VwbG9hZHMvMjAyNi8wNC9VY2dlbmxlci1ub3QucGRmd0FodHRwczovL3NkZGtha25hci5jb20vd3AtY29udGVudC91cGxvYWRzLzIwMjYvMDQvVWNnZW5sZXItbm90LnBkZn2InAN3OXdwLWJsb2NrLWZpbGUtLW1lZGlhLThiMmVhMzE3LTdiN2YtNDUxZS05M2E0LWQ5NWRmZTJmN2ZjZXh5eXh3JGY4NDM5NzMxLTkyMDAtNGRmOS1iZTEzLTY2Mjc0ZTRkZWE3ZHh3DmNvcmUvcGFyYWdyYXBoeXl5eXl5dQB5dwB9kAZ9AHcEZWFzZXl3AHcDdG9weX0Ae0J52+1k6VAAe0HmAQHtwAAAAe6eoIALBK4TAQYAKAABAA==\",\"updateId\":644938855}","om_disable_all_campaigns":false,"_uag_custom_page_level_css":"","_monsterinsights_skip_tracking":false,"_monsterinsights_sitenote_active":false,"_monsterinsights_sitenote_note":"","_monsterinsights_sitenote_category":0,"site-sidebar-layout":"default","site-content-layout":"","ast-site-content-layout":"default","site-content-style":"default","site-sidebar-style":"default","ast-global-header-display":"","ast-banner-title-visibility":"","ast-main-header-display":"","ast-hfb-above-header-display":"","ast-hfb-below-header-display":"","ast-hfb-mobile-header-display":"","site-post-title":"","ast-breadcrumbs-content":"","ast-featured-img":"","footer-sml-layout":"","ast-disable-related-posts":"","theme-transparent-header-meta":"","adv-header-id-meta":"","stick-header-meta":"","header-above-stick-meta":"","header-main-stick-meta":"","header-below-stick-meta":"","astra-migrate-meta-layouts":"set","ast-page-background-enabled":"default","ast-page-background-meta":{"desktop":{"background-color":"","background-image":"","background-repeat":"repeat","background-position":"center center","background-size":"auto","background-attachment":"scroll","background-type":"","background-media":"","overlay-type":"","overlay-color":"","overlay-opacity":"","overlay-gradient":""},"tablet":{"background-color":"","background-image":"","background-repeat":"repeat","background-position":"center center","background-size":"auto","background-attachment":"scroll","background-type":"","background-media":"","overlay-type":"","overlay-color":"","overlay-opacity":"","overlay-gradient":""},"mobile":{"background-color":"","background-image":"","background-repeat":"repeat","background-position":"center center","background-size":"auto","background-attachment":"scroll","background-type":"","background-media":"","overlay-type":"","overlay-color":"","overlay-opacity":"","overlay-gradient":""}},"ast-content-background-meta":{"desktop":{"background-color":"var(--ast-global-color-5)","background-image":"","background-repeat":"repeat","background-position":"center center","background-size":"auto","background-attachment":"scroll","background-type":"","background-media":"","overlay-type":"","overlay-color":"","overlay-opacity":"","overlay-gradient":""},"tablet":{"background-color":"var(--ast-global-color-5)","background-image":"","background-repeat":"repeat","background-position":"center center","background-size":"auto","background-attachment":"scroll","background-type":"","background-media":"","overlay-type":"","overlay-color":"","overlay-opacity":"","overlay-gradient":""},"mobile":{"background-color":"var(--ast-global-color-5)","background-image":"","background-repeat":"repeat","background-position":"center center","background-size":"auto","background-attachment":"scroll","background-type":"","background-media":"","overlay-type":"","overlay-color":"","overlay-opacity":"","overlay-gradient":""}},"footnotes":""},"class_list":["post-26025","page","type-page","status-publish","hentry"],"aioseo_notices":[],"uagb_featured_image_src":{"full":false,"thumbnail":false,"medium":false,"medium_large":false,"large":false,"1536x1536":false,"2048x2048":false,"masteriyo_single":false,"masteriyo_thumbnail":false,"masteriyo_medium":false,"woocommerce_thumbnail":false,"woocommerce_single":false,"woocommerce_gallery_thumbnail":false},"uagb_author_info":{"display_name":"sddk.aknar","author_link":"https:\/\/sddkaknar.com\/?author=1"},"uagb_comment_info":0,"uagb_excerpt":null,"_links":{"self":[{"href":"https:\/\/sddkaknar.com\/index.php?rest_route=\/wp\/v2\/pages\/26025","targetHints":{"allow":["GET"]}}],"collection":[{"href":"https:\/\/sddkaknar.com\/index.php?rest_route=\/wp\/v2\/pages"}],"about":[{"href":"https:\/\/sddkaknar.com\/index.php?rest_route=\/wp\/v2\/types\/page"}],"author":[{"embeddable":true,"href":"https:\/\/sddkaknar.com\/index.php?rest_route=\/wp\/v2\/users\/1"}],"replies":[{"embeddable":true,"href":"https:\/\/sddkaknar.com\/index.php?rest_route=%2Fwp%2Fv2%2Fcomments&post=26025"}],"version-history":[{"count":5,"href":"https:\/\/sddkaknar.com\/index.php?rest_route=\/wp\/v2\/pages\/26025\/revisions"}],"predecessor-version":[{"id":26378,"href":"https:\/\/sddkaknar.com\/index.php?rest_route=\/wp\/v2\/pages\/26025\/revisions\/26378"}],"wp:attachment":[{"href":"https:\/\/sddkaknar.com\/index.php?rest_route=%2Fwp%2Fv2%2Fmedia&parent=26025"}],"curies":[{"name":"wp","href":"https:\/\/api.w.org\/{rel}","templated":true}]}}