{"id":26198,"date":"2025-05-15T00:34:32","date_gmt":"2025-05-14T21:34:32","guid":{"rendered":"https:\/\/sddkaknar.com\/?page_id=26198"},"modified":"2025-05-16T00:34:49","modified_gmt":"2025-05-15T21:34:49","slug":"lgs-ornek-sorular","status":"publish","type":"page","link":"https:\/\/sddkaknar.com\/?page_id=26198","title":{"rendered":"LGS \u00d6RNEK SORULAR"},"content":{"rendered":"\n<figure class=\"wp-block-table\"><table class=\"has-fixed-layout\"><tbody><tr><td><strong>2017-2018<\/strong><\/td><td><\/td><\/tr><tr><td><a href=\"https:\/\/drive.google.com\/file\/d\/1nF6zKr0HKpkSj3QV4FvqIicEFF0CRkEx\/view\" title=\"\">say\u0131sal <\/a><\/td><td><a href=\"https:\/\/drive.google.com\/file\/d\/1speASia-h3vZHMJ6J0UgFEh63qsb_qQR\/view\" title=\"\">s\u00f6zel <\/a><\/td><\/tr><\/tbody><\/table><\/figure>\n\n\n\n<p class=\"wp-block-paragraph\"><\/p>\n\n\n\n<figure class=\"wp-block-table\"><table class=\"has-fixed-layout\"><tbody><tr><td><strong>2018_2019<\/strong><\/td><td><\/td><td><\/td><\/tr><tr><td><strong>2018&nbsp;Ekim<\/strong><\/td><td><a href=\"https:\/\/drive.google.com\/file\/d\/133EmIISnCXUMOQh5SStY6T3lXt8nk13U\/view\" title=\"\">say\u0131sal<\/a><\/td><td><a href=\"https:\/\/drive.google.com\/file\/d\/1s3boI7z_BypfKge46uSowPka2SdgKTLQ\/view\" title=\"\">s\u00f6zel<\/a><\/td><\/tr><tr><td><strong>2018 Kas\u0131m<\/strong><\/td><td><a href=\"https:\/\/drive.google.com\/file\/d\/1-J8Yfwuin_QdfZSypGQRgKCNQRmPcwUp\/view\" title=\"\">say\u0131sal <\/a><\/td><td><a href=\"https:\/\/drive.google.com\/file\/d\/1WcuTN5vFduxUcwEddVA6A61rVKHXCtlp\/view\" title=\"\">s\u00f6zel<\/a><\/td><\/tr><tr><td><strong>2018 Aral\u0131k<\/strong><\/td><td><a href=\"https:\/\/drive.google.com\/file\/d\/1UTYlVuBIxG7BPiogDiFpY4WVruGTkyOB\/view\" title=\"\">say\u0131sal <\/a><\/td><td><a href=\"https:\/\/drive.google.com\/file\/d\/1a80fFRtT2Rq-z3RGXDNUGIWKI0fxstfR\/view\" title=\"\">s\u00f6zel <\/a><\/td><\/tr><tr><td><strong>2019 Ocak<\/strong><\/td><td><a href=\"https:\/\/drive.google.com\/file\/d\/1MjwFmLQdKnb8X97vGuET4pfN3xsZ7Sss\/view\" title=\"\">say\u0131sal <\/a><\/td><td><a href=\"https:\/\/drive.google.com\/file\/d\/17SULVrzVfJK4T1GkABZ6qrK7_CzGTbwC\/view\" title=\"\">s\u00f6zel <\/a><\/td><\/tr><tr><td><strong>2019 \u015eubat<\/strong><\/td><td><a href=\"https:\/\/drive.google.com\/file\/d\/1ssJX0xU1NKfSMrtVvlT5ZzW4AL-BR9kU\/view\" title=\"\">say\u0131sal<\/a><\/td><td><a href=\"https:\/\/drive.google.com\/file\/d\/1AtocUgP0uVMeaodZUOApg5KCtn9yVdIt\/view\" title=\"\">s\u00f6zel<\/a><\/td><\/tr><tr><td><strong>2019 Mart<\/strong><\/td><td><a href=\"https:\/\/drive.google.com\/file\/d\/1AFLeqPgYpt4bQd_fTaB1THs9Rd4PpEry\/view\" title=\"\">say\u0131sal<\/a><\/td><td><a href=\"https:\/\/drive.google.com\/file\/d\/17_GYkUS5xcZXrdEII3QbVSZnZBysoEm8\/view\" title=\"\">s\u00f6zel<\/a><\/td><\/tr><tr><td><strong>2019 Nisan<\/strong><\/td><td><a href=\"https:\/\/drive.google.com\/file\/d\/1AFLeqPgYpt4bQd_fTaB1THs9Rd4PpEry\/view\" title=\"\">say\u0131sal<\/a><\/td><td><a href=\"https:\/\/drive.google.com\/file\/d\/17_GYkUS5xcZXrdEII3QbVSZnZBysoEm8\/view\" title=\"\">s\u00f6zel<\/a><\/td><\/tr><tr><td><strong>2019 May\u0131s<\/strong><\/td><td><a href=\"https:\/\/drive.google.com\/file\/d\/1vsNZ948CSNPKqS-aDQv3FfwJhcLVQpDP\/view\" title=\"\">say\u0131sal<\/a><\/td><td><a href=\"https:\/\/drive.google.com\/file\/d\/1uTKYfHDSbKGdougVr98WsB6sDARZGuh1\/view\" title=\"\">s\u00f6zel<\/a><\/td><\/tr><\/tbody><\/table><\/figure>\n\n\n\n<p class=\"wp-block-paragraph\"><\/p>\n\n\n\n<figure class=\"wp-block-table\"><table class=\"has-fixed-layout\"><tbody><tr><td><strong>2019_2020<\/strong><\/td><td><\/td><td><\/td><\/tr><tr><td><strong>2019 Ekim<\/strong><\/td><td><a href=\"https:\/\/drive.google.com\/file\/d\/1SOIcWupZkNijZ4tV1T6-_3QZFcqgbB2_\/view\" title=\"\">say\u0131sal <\/a><\/td><td><a href=\"https:\/\/drive.google.com\/file\/d\/1B1XZ-Di5RyYhSCuXdH6HSB6cLnPzamao\/view\" title=\"\">s\u00f6zel<\/a><\/td><\/tr><tr><td><strong>2019 Kas\u0131m<\/strong><\/td><td><a href=\"https:\/\/drive.google.com\/file\/d\/1j8OHNpKUy2S2CLORiR3-gpJT4PHzgf0i\/view\" title=\"\">say\u0131sal <\/a><\/td><td><a href=\"https:\/\/drive.google.com\/file\/d\/133Bl-nxEp9er5DkhlcMz0Fom7vbuEE80\/view\" title=\"\">s\u00f6zel<\/a><\/td><\/tr><tr><td><strong>2019 Aral\u0131k<\/strong><\/td><td><a href=\"https:\/\/drive.google.com\/file\/d\/1_oPC3pZi6e6Cl8_Xg7qHW-bw4ssIavk0\/view\" title=\"\">say\u0131sal <\/a><\/td><td><a href=\"https:\/\/drive.google.com\/file\/d\/1H3jVO0Ls9-AMuC6Pk1PGUCs9o7HI3HUa\/view\" title=\"\">s\u00f6zel<\/a><\/td><\/tr><tr><td><strong>2020 Ocak<\/strong><\/td><td><a href=\"https:\/\/drive.google.com\/file\/d\/1XUOmIV55iPeXbWnve7KNnxN31UhbX-SI\/view\" title=\"\">say\u0131sal <\/a><\/td><td><a href=\"https:\/\/drive.google.com\/file\/d\/1a_OHo8ijeJVv7CA4xYdgGIwG9rZk3RhU\/view\" title=\"\">s\u00f6zel<\/a><\/td><\/tr><tr><td><strong>2020 \u015eubat<\/strong><\/td><td><a href=\"https:\/\/drive.google.com\/file\/d\/1zLyf5REOU4CGawM7XAl7-bcvaDPNRU4A\/view\" title=\"\">say\u0131sal <\/a><\/td><td><a href=\"https:\/\/drive.google.com\/file\/d\/12uDrvyb6w7ADcAcBGh9izdKdhUSMIj3q\/view\" title=\"\">s\u00f6zel<\/a><\/td><\/tr><tr><td><strong>2020 Mart<\/strong><\/td><td><a href=\"https:\/\/drive.google.com\/file\/d\/1XvM-ISy0QK4VZkcVuuyfSXjEQNOxvOkv\/view\" title=\"\">say\u0131sal <\/a><\/td><td><a href=\"https:\/\/drive.google.com\/file\/d\/1ky8xUVhAnLrDAjBCgnpTRZeifivqMabu\/view\" title=\"\">s\u00f6zel<\/a><\/td><\/tr><tr><td><strong>2020 Nisan 1<\/strong><\/td><td><a href=\"https:\/\/drive.google.com\/file\/d\/1EEVhK2BFy5_C63wgcOJsR6U4csGOa-GE\/view\" title=\"\">say\u0131sal <\/a><\/td><td><a href=\"https:\/\/drive.google.com\/file\/d\/1d_hnsNswk14HqjlpBiwywnieSuBq-uuT\/view\" title=\"\">s\u00f6zel<\/a><\/td><\/tr><tr><td><strong>2020 Nisan 2<\/strong><\/td><td><a href=\"https:\/\/drive.google.com\/file\/d\/1LrHGl6IjJqVXejNUiP8umULqyGHVr4B6\/view\" title=\"\">say\u0131sal <\/a><\/td><td><a href=\"https:\/\/drive.google.com\/file\/d\/1W2e4NVKGZ-sN-9SARM1TjO-z9ngkr_lo\/view\" title=\"\">s\u00f6zel<\/a><\/td><\/tr><tr><td><strong>2020 May\u0131s 1<\/strong><\/td><td><a href=\"https:\/\/drive.google.com\/file\/d\/11Aw_Y3AojOAQUVDoTg5qlehq-GQABogZ\/view\" title=\"\">say\u0131sal <\/a><\/td><td><a href=\"https:\/\/drive.google.com\/file\/d\/1mlbKQWJpI6OhjmpaGYY82jZvgxViRvkl\/view\" title=\"\">s\u00f6zel<\/a><\/td><\/tr><tr><td><strong>2020 May\u0131s 2<\/strong><\/td><td><a href=\"https:\/\/drive.google.com\/file\/d\/186g4WvWHbEx-9_99byGlgZMXjCO8OjbD\/view\" title=\"\">say\u0131sal <\/a><\/td><td><a href=\"https:\/\/drive.google.com\/file\/d\/18pnAOGI1R04iYwgJftRyx4TvhMnBtdXM\/view\" title=\"\">s\u00f6zel<\/a><\/td><\/tr><\/tbody><\/table><\/figure>\n\n\n\n<p class=\"wp-block-paragraph\"><\/p>\n\n\n\n<figure class=\"wp-block-table\"><table class=\"has-fixed-layout\"><tbody><tr><td><strong>2020_2021<\/strong><\/td><td><\/td><td><\/td><\/tr><tr><td><strong>2020 Aral\u0131k<\/strong><\/td><td><a href=\"https:\/\/drive.google.com\/file\/d\/1Rshg3sFxQffQBpkmH8gGh9PxFIoXd1i3\/view?usp=sharing\" title=\"\">say\u0131sal<\/a><\/td><td><a href=\"https:\/\/drive.google.com\/file\/d\/1I3UsNx9Ot0aLJJH4kgp9EhXwU4Ng5l_K\/view\" title=\"\">s\u00f6zel <\/a><\/td><\/tr><tr><td><strong>2021 Ocak<\/strong><\/td><td><a href=\"https:\/\/drive.google.com\/file\/d\/1Xq5MTF0xsOpttsLnE4sBP90hw7z_P2U3\/view\" title=\"\">say\u0131sal<\/a><\/td><td><a href=\"https:\/\/drive.google.com\/file\/d\/1aE1OOWGE22P7HP-NWeCfH2bro9UsEhOZ\/view\" title=\"\">s\u00f6zel <\/a><\/td><\/tr><tr><td><strong>2021 \u015eubat<\/strong><\/td><td><a href=\"https:\/\/drive.google.com\/file\/d\/1dgFUfi-8DfLj7yeSt2GkU0R1nJtCqJc1\/view\" title=\"\">say\u0131sal<\/a><\/td><td><a href=\"https:\/\/drive.google.com\/file\/d\/1sOVUXL1tsxteTPYho0AMk_vStL0ZLB4w\/view\" title=\"\">s\u00f6zel <\/a><\/td><\/tr><tr><td><strong>2021 Mart<\/strong><\/td><td><a href=\"https:\/\/drive.google.com\/file\/d\/18LWiN5l2v-lCbfpvHgDyLYXiZ55ICMnL\/view\" title=\"\">say\u0131sal<\/a><\/td><td><a href=\"https:\/\/drive.google.com\/file\/d\/1qhZGWmVW4elBLaiPfhHZMtIl9AsH-8Ch\/view\" title=\"\">s\u00f6zel <\/a><\/td><\/tr><tr><td><strong>2021 Nisan<\/strong><\/td><td><a href=\"https:\/\/drive.google.com\/file\/d\/179cvSZFtPtvncNBOQyC6an8OZQwVidJX\/view\" title=\"\">say\u0131sal<\/a><\/td><td><a href=\"https:\/\/drive.google.com\/file\/d\/146xPtvM5nPxgmoSQag0QyPnDgLFupf7q\/view\" title=\"\">s\u00f6zel <\/a><\/td><\/tr><tr><td><strong>2021 May\u0131s<\/strong><\/td><td><a href=\"https:\/\/drive.google.com\/file\/d\/1wKJ7L26iaZavH_3LfwLUXpfyPu9B6sVL\/view\" title=\"\">say\u0131sal<\/a><\/td><td><a href=\"https:\/\/drive.google.com\/file\/d\/1CVWr4pX9ymEvb0w0STTVTEzt75a7Seu3\/view\" title=\"\">s\u00f6zel <\/a><\/td><\/tr><\/tbody><\/table><\/figure>\n\n\n\n<p class=\"wp-block-paragraph\"><\/p>\n\n\n\n<figure class=\"wp-block-table\"><table class=\"has-fixed-layout\"><tbody><tr><td><strong>2021_2022<\/strong><\/td><td><\/td><td><\/td><\/tr><tr><td><strong>2021 Ekim<\/strong><\/td><td><a href=\"https:\/\/drive.google.com\/file\/d\/1WWnbhrj5rjULUzKHG9noDwGiGU8mfZYa\/view\" title=\"\">say\u0131sal<\/a><\/td><td><a href=\"https:\/\/drive.google.com\/file\/d\/1C2C7oovRUm9eVKcOwwzgwWzu0LFUU4cG\/view\" title=\"\">s\u00f6zel<\/a><\/td><\/tr><tr><td><strong>2021 Kas\u0131m<\/strong><\/td><td><a href=\"https:\/\/drive.google.com\/file\/d\/1043b-PGU6eFyT6vzb_Tf1ADU7ZjrJmeW\/view\" title=\"\">say\u0131sal<\/a><\/td><td><a href=\"https:\/\/drive.google.com\/file\/d\/1q8CaZooh5vjsxEu14aohvSmFjnlIl8Ap\/view\" title=\"\">s\u00f6zel<\/a><\/td><\/tr><tr><td><strong>2021 Aral\u0131k<\/strong><\/td><td><a href=\"https:\/\/drive.google.com\/file\/d\/11j6H4buZlEfZeo3eerwJJwVq_vcnvgw5\/view\" title=\"\">say\u0131sal<\/a><\/td><td><a href=\"https:\/\/drive.google.com\/file\/d\/10jRPnse4j91OPEX11EA63GbeVa2kAKVc\/view\" title=\"\">s\u00f6zel<\/a><\/td><\/tr><tr><td><strong>2022 Ocak<\/strong><\/td><td><a href=\"https:\/\/drive.google.com\/file\/d\/1AirFvmuK8G11rfgn41TawEnkGIJhpC5_\/view\" title=\"\">say\u0131sal<\/a><\/td><td><a href=\"https:\/\/drive.google.com\/file\/d\/1_bNx1rnjcSilr8RFSaFYkDymZnftjVE9\/view\" title=\"\">s\u00f6zel<\/a><\/td><\/tr><tr><td><strong>2022 \u015eubat<\/strong><\/td><td><a href=\"https:\/\/drive.google.com\/file\/d\/1oJRezZWy-u118TqRoLpgPLRzbeJ4bnc6\/view\" title=\"\">say\u0131sal<\/a><\/td><td><a href=\"https:\/\/drive.google.com\/file\/d\/18IvSQXQWFTGMwKA06gUM-FLk9DErExbO\/view\" title=\"\">s\u00f6zel<\/a><\/td><\/tr><tr><td><strong>2022 Mart<\/strong><\/td><td><a href=\"https:\/\/drive.google.com\/file\/d\/12uWfLRs1tWoIwl69kL4_VuNwHGsN0iim\/view\" title=\"\">say\u0131sal<\/a><\/td><td><a href=\"https:\/\/drive.google.com\/file\/d\/1cL1cVTfpkgOemQ0Xxf1yLnsLhOzF9hgs\/view\" title=\"\">s\u00f6zel<\/a><\/td><\/tr><tr><td><strong>2022 Nisan<\/strong><\/td><td><a href=\"https:\/\/drive.google.com\/file\/d\/1FlY39ZZZwvJvrS1kNfoDmr7tISoXVcV-\/view\" title=\"\">say\u0131sal<\/a><\/td><td><a href=\"https:\/\/drive.google.com\/file\/d\/1PUsXNTjZqEH9PaOOvWOAlMPfHOFier-c\/view\" title=\"\">s\u00f6zel<\/a><\/td><\/tr><tr><td><strong>2022 May\u0131s<\/strong><\/td><td><a href=\"https:\/\/drive.google.com\/file\/d\/1L1Vwak8KCU7egh4cV7z3XyJgEWAWKG7p\/view\" title=\"\">say\u0131sal<\/a><\/td><td><a href=\"https:\/\/drive.google.com\/file\/d\/1NQUplLT5o3JGvSBgYaFGubCLt3CweWvo\/view?usp=sharing\" title=\"\">s\u00f6zel<\/a><\/td><\/tr><\/tbody><\/table><\/figure>\n\n\n\n<p class=\"wp-block-paragraph\"><\/p>\n\n\n\n<figure class=\"wp-block-table\"><table class=\"has-fixed-layout\"><tbody><tr><td><strong>2022_2023<\/strong><\/td><td><\/td><td><\/td><\/tr><tr><td><strong>2022 Ekim<\/strong><\/td><td><a href=\"https:\/\/drive.google.com\/file\/d\/1dl0LZmIUm96KKsctqw0Dm_QdhDK-L1rV\/view\" title=\"\">say\u0131sal<\/a><\/td><td><a href=\"https:\/\/drive.google.com\/file\/d\/1U8JSp73p2KAvuKG51YQoV5RBjq-BqPTi\/view\" title=\"\">s\u00f6zel<\/a><\/td><\/tr><tr><td><strong>2022 Kas\u0131m <\/strong><\/td><td><a href=\"https:\/\/drive.google.com\/file\/d\/1LbsR--cIPKLPgIkkdA7B6LN415Kum_kd\/view?usp=sharing\" title=\"\">say\u0131sal<\/a><\/td><td><a href=\"https:\/\/drive.google.com\/file\/d\/1xbF9gl_AEXgfs354zad8Jsk6PnJMwP9l\/view\" title=\"\">s\u00f6zel<\/a><\/td><\/tr><tr><td><strong>2022 Aral\u0131k<\/strong><\/td><td><a href=\"https:\/\/drive.google.com\/file\/d\/12CLdfoDfu0J_vO8nTeSKj1q1zXg2I_vd\/view\" title=\"\">say\u0131sal<\/a><\/td><td><a href=\"https:\/\/drive.google.com\/file\/d\/1nWDiXhUNV3Hbw8T_p2mKIxTqX-IByEIN\/view\" title=\"\">s\u00f6zel<\/a><\/td><\/tr><tr><td><strong>2023 Ocak<\/strong><\/td><td><a href=\"https:\/\/drive.google.com\/file\/d\/1ARpoMA4uCuk3PAo_4k0nhUUpYAUMt8fT\/view\" title=\"\">say\u0131sal<\/a><\/td><td><a href=\"https:\/\/drive.google.com\/file\/d\/1J-9rw9eqfrq9scPRqHwpuLJVDoS3xSNE\/view\" title=\"\">s\u00f6zel<\/a><\/td><\/tr><tr><td><strong>2023 \u015eubat<\/strong><\/td><td><a href=\"https:\/\/drive.google.com\/file\/d\/1JHM9hvrucLBsCPFgpnqi9HwDKbQ9oUDd\/view\" title=\"\">say\u0131sal<\/a><\/td><td><a href=\"https:\/\/drive.google.com\/file\/d\/1pN3bbvo0CI9w25oUbcAFS60w_nAyIRuK\/view\" title=\"\">s\u00f6zel<\/a><\/td><\/tr><tr><td><strong>2023 Mart<\/strong><\/td><td><a href=\"https:\/\/drive.google.com\/file\/d\/1fgUCcaEn9ODp78stk-8SEQmkfNMx8nfg\/view\" title=\"\">say\u0131sal<\/a><\/td><td><a href=\"https:\/\/drive.google.com\/file\/d\/12uvyjix9sztG2xs_M_lU6RTf_6ro3yO_\/view\" title=\"\">s\u00f6zel<\/a><\/td><\/tr><tr><td><strong>2023 Nisan <\/strong><\/td><td><a href=\"https:\/\/drive.google.com\/file\/d\/1X_qYUp6J6ByX9Rb2BeyJJX2a2ORptWM0\/view\" title=\"\">say\u0131sal<\/a><\/td><td><a href=\"https:\/\/drive.google.com\/file\/d\/1DRTkx3JpjvP7yCW4Orh2tMHMhL1yOqkN\/view\" title=\"\">s\u00f6zel<\/a><\/td><\/tr><tr><td><strong>2023 May\u0131s<\/strong><\/td><td><a href=\"https:\/\/drive.google.com\/file\/d\/1ZHdYwGNdZYnqvZhodseElz8qiFReOSlh\/view\" title=\"\">say\u0131sal<\/a><\/td><td><a href=\"https:\/\/drive.google.com\/file\/d\/1183rneOc26uMBw3CWV6mOIsX3rWm4qHb\/view\" title=\"\">s\u00f6zel<\/a><\/td><\/tr><\/tbody><\/table><\/figure>\n\n\n\n<p class=\"wp-block-paragraph\"><\/p>\n\n\n\n<figure class=\"wp-block-table\"><table class=\"has-fixed-layout\"><tbody><tr><td><strong>2023_2024<\/strong><\/td><td><\/td><td><\/td><\/tr><tr><td><strong>\u00f6rnek soru 1<\/strong><\/td><td><a href=\"https:\/\/drive.google.com\/file\/d\/18_x-Ouft7gJfSLnDyhgQHgp2VPOD-OC0\/view\" title=\"\">say\u0131sal<\/a><\/td><td><a href=\"https:\/\/drive.google.com\/file\/d\/18ZMpvLYeeUkSrfgQ8eJYhQ6qRZcM0VyX\/view\" title=\"\">s\u00f6zel<\/a><\/td><\/tr><tr><td><strong>\u00f6rnek soru 2<\/strong><\/td><td><a href=\"https:\/\/drive.google.com\/file\/d\/1PZTiBm7DQDFhpcDujCf6JPqeunJWeVZs\/view\" title=\"\">say\u0131sal<\/a><\/td><td><a href=\"https:\/\/drive.google.com\/file\/d\/1PcoFMkJLkzq35kQvKf4_VvnyifZc6va9\/view\" title=\"\">s\u00f6zel<\/a><\/td><\/tr><tr><td><strong>\u00f6rnek soru 3<\/strong><\/td><td><a href=\"https:\/\/drive.google.com\/file\/d\/1a6v4hi1NxRG5xahaAsZeycnwmYIQJpho\/view\" title=\"\">say\u0131sal<\/a><\/td><td><a href=\"https:\/\/drive.google.com\/file\/d\/1a8xdUD1tDQ5-3qfytTnrYv_qt_NOqt66\/view\" title=\"\">s\u00f6zel<\/a><\/td><\/tr><\/tbody><\/table><\/figure>\n\n\n\n<figure class=\"wp-block-table\"><table class=\"has-fixed-layout\"><tbody><tr><td><strong>2024_2025<\/strong><\/td><td><\/td><td><\/td><\/tr><tr><td><strong>\u00f6rnek soru 1<\/strong><\/td><td><a href=\"https:\/\/drive.google.com\/file\/d\/1EdEhm2uNB7zRRCZoHNYKr0kA5ZSgNVEO\/view\" title=\"\">say\u0131sal <\/a><\/td><td><a href=\"https:\/\/drive.google.com\/file\/d\/1Ea3d-0zOaYLWDlHuoKvnfhowOtaHVLlI\/view\" title=\"\">s\u00f6zel<\/a><\/td><\/tr><tr><td><strong>\u00f6rnek soru 2 <\/strong><\/td><td><a href=\"https:\/\/drive.google.com\/file\/d\/1rKWTQIHgqRXd-hDCaAnUN9Hlyc-W8-H2\/view\" title=\"\">say\u0131sal <\/a><\/td><td><a href=\"https:\/\/drive.google.com\/file\/d\/1ELomEAvSK_s2__qhozDPD0RAjTzhmusc\/view\" title=\"\">s\u00f6zel<\/a><\/td><\/tr><tr><td><strong>\u00f6rnek soru 3<\/strong><\/td><td><a href=\"https:\/\/drive.google.com\/file\/d\/19atez3pXcAJ-47peZxKc213GY-6nnOqk\/view\" title=\"\">say\u0131sal<\/a><\/td><td><a href=\"https:\/\/drive.google.com\/file\/d\/10qQR0WdwIj4aapr3N0Q62MaBSYYEzChf\/view\" title=\"\">s\u00f6zel<\/a><\/td><\/tr><\/tbody><\/table><\/figure>\n","protected":false},"excerpt":{"rendered":"<p>2017-2018 say\u0131sal s\u00f6zel 2018_2019 2018&nbsp;Ekim say\u0131sal s\u00f6zel 2018 Kas\u0131m say\u0131sal s\u00f6zel 2018 Aral\u0131k say\u0131sal s\u00f6zel 2019 Ocak say\u0131sal s\u00f6zel 2019 \u015eubat say\u0131sal s\u00f6zel 2019 Mart say\u0131sal s\u00f6zel 2019 Nisan say\u0131sal s\u00f6zel 2019 May\u0131s say\u0131sal s\u00f6zel 2019_2020 2019 Ekim say\u0131sal s\u00f6zel 2019 Kas\u0131m say\u0131sal s\u00f6zel 2019 Aral\u0131k say\u0131sal s\u00f6zel 2020 Ocak say\u0131sal s\u00f6zel 2020 \u015eubat say\u0131sal [&hellip;]<\/p>\n","protected":false},"author":1,"featured_media":0,"parent":0,"menu_order":0,"comment_status":"closed","ping_status":"closed","template":"","meta":{"_crdt_document":"","om_disable_all_campaigns":false,"_uag_custom_page_level_css":"","_monsterinsights_skip_tracking":false,"_monsterinsights_sitenote_active":false,"_monsterinsights_sitenote_note":"","_monsterinsights_sitenote_category":0,"site-sidebar-layout":"default","site-content-layout":"","ast-site-content-layout":"default","site-content-style":"default","site-sidebar-style":"default","ast-global-header-display":"","ast-banner-title-visibility":"","ast-main-header-display":"","ast-hfb-above-header-display":"","ast-hfb-below-header-display":"","ast-hfb-mobile-header-display":"","site-post-title":"","ast-breadcrumbs-content":"","ast-featured-img":"","footer-sml-layout":"","ast-disable-related-posts":"","theme-transparent-header-meta":"","adv-header-id-meta":"","stick-header-meta":"","header-above-stick-meta":"","header-main-stick-meta":"","header-below-stick-meta":"","astra-migrate-meta-layouts":"set","ast-page-background-enabled":"default","ast-page-background-meta":{"desktop":{"background-color":"","background-image":"","background-repeat":"repeat","background-position":"center center","background-size":"auto","background-attachment":"scroll","background-type":"","background-media":"","overlay-type":"","overlay-color":"","overlay-opacity":"","overlay-gradient":""},"tablet":{"background-color":"","background-image":"","background-repeat":"repeat","background-position":"center center","background-size":"auto","background-attachment":"scroll","background-type":"","background-media":"","overlay-type":"","overlay-color":"","overlay-opacity":"","overlay-gradient":""},"mobile":{"background-color":"","background-image":"","background-repeat":"repeat","background-position":"center center","background-size":"auto","background-attachment":"scroll","background-type":"","background-media":"","overlay-type":"","overlay-color":"","overlay-opacity":"","overlay-gradient":""}},"ast-content-background-meta":{"desktop":{"background-color":"var(--ast-global-color-5)","background-image":"","background-repeat":"repeat","background-position":"center center","background-size":"auto","background-attachment":"scroll","background-type":"","background-media":"","overlay-type":"","overlay-color":"","overlay-opacity":"","overlay-gradient":""},"tablet":{"background-color":"var(--ast-global-color-5)","background-image":"","background-repeat":"repeat","background-position":"center center","background-size":"auto","background-attachment":"scroll","background-type":"","background-media":"","overlay-type":"","overlay-color":"","overlay-opacity":"","overlay-gradient":""},"mobile":{"background-color":"var(--ast-global-color-5)","background-image":"","background-repeat":"repeat","background-position":"center center","background-size":"auto","background-attachment":"scroll","background-type":"","background-media":"","overlay-type":"","overlay-color":"","overlay-opacity":"","overlay-gradient":""}},"footnotes":""},"class_list":["post-26198","page","type-page","status-publish","hentry"],"aioseo_notices":[],"uagb_featured_image_src":{"full":false,"thumbnail":false,"medium":false,"medium_large":false,"large":false,"1536x1536":false,"2048x2048":false,"masteriyo_single":false,"masteriyo_thumbnail":false,"masteriyo_medium":false,"woocommerce_thumbnail":false,"woocommerce_single":false,"woocommerce_gallery_thumbnail":false},"uagb_author_info":{"display_name":"sddk.aknar","author_link":"https:\/\/sddkaknar.com\/?author=1"},"uagb_comment_info":0,"uagb_excerpt":"2017-2018 say\u0131sal s\u00f6zel 2018_2019 2018&nbsp;Ekim say\u0131sal s\u00f6zel 2018 Kas\u0131m say\u0131sal s\u00f6zel 2018 Aral\u0131k say\u0131sal s\u00f6zel 2019 Ocak say\u0131sal s\u00f6zel 2019 \u015eubat say\u0131sal s\u00f6zel 2019 Mart say\u0131sal s\u00f6zel 2019 Nisan say\u0131sal s\u00f6zel 2019 May\u0131s say\u0131sal s\u00f6zel 2019_2020 2019 Ekim say\u0131sal s\u00f6zel 2019 Kas\u0131m say\u0131sal s\u00f6zel 2019 Aral\u0131k say\u0131sal s\u00f6zel 2020 Ocak say\u0131sal s\u00f6zel 2020 \u015eubat say\u0131sal&hellip;","_links":{"self":[{"href":"https:\/\/sddkaknar.com\/index.php?rest_route=\/wp\/v2\/pages\/26198","targetHints":{"allow":["GET"]}}],"collection":[{"href":"https:\/\/sddkaknar.com\/index.php?rest_route=\/wp\/v2\/pages"}],"about":[{"href":"https:\/\/sddkaknar.com\/index.php?rest_route=\/wp\/v2\/types\/page"}],"author":[{"embeddable":true,"href":"https:\/\/sddkaknar.com\/index.php?rest_route=\/wp\/v2\/users\/1"}],"replies":[{"embeddable":true,"href":"https:\/\/sddkaknar.com\/index.php?rest_route=%2Fwp%2Fv2%2Fcomments&post=26198"}],"version-history":[{"count":14,"href":"https:\/\/sddkaknar.com\/index.php?rest_route=\/wp\/v2\/pages\/26198\/revisions"}],"predecessor-version":[{"id":26225,"href":"https:\/\/sddkaknar.com\/index.php?rest_route=\/wp\/v2\/pages\/26198\/revisions\/26225"}],"wp:attachment":[{"href":"https:\/\/sddkaknar.com\/index.php?rest_route=%2Fwp%2Fv2%2Fmedia&parent=26198"}],"curies":[{"name":"wp","href":"https:\/\/api.w.org\/{rel}","templated":true}]}}